{"id":360,"date":"2016-11-03T17:59:05","date_gmt":"2016-11-03T17:59:05","guid":{"rendered":"http:\/\/lawyer2.mythemecloud.io\/?page_id=360"},"modified":"2024-07-16T14:14:55","modified_gmt":"2024-07-16T12:14:55","slug":"faq","status":"publish","type":"page","link":"https:\/\/faow.pl\/?page_id=360","title":{"rendered":"Do\u0142\u0105cz do FAOW"},"content":{"rendered":"\t\t<div data-elementor-type=\"wp-post\" data-elementor-id=\"360\" class=\"elementor elementor-360\">\n\t\t\t\t\t\t<section class=\"elementor-section elementor-top-section elementor-element elementor-element-0sxl3ut elementor-section-boxed elementor-section-height-default elementor-section-height-default\" data-id=\"0sxl3ut\" data-element_type=\"section\" data-settings=\"{&quot;background_background&quot;:&quot;classic&quot;}\">\n\t\t\t\t\t\t<div class=\"elementor-container elementor-column-gap-default\">\n\t\t\t\t\t<div class=\"elementor-column elementor-col-100 elementor-top-column elementor-element elementor-element-j5omocr\" data-id=\"j5omocr\" data-element_type=\"column\">\n\t\t\t<div class=\"elementor-widget-wrap elementor-element-populated\">\n\t\t\t\t\t\t<div class=\"elementor-element elementor-element-ceb1b53 elementor-widget elementor-widget-text-editor\" data-id=\"ceb1b53\" data-element_type=\"widget\" data-widget_type=\"text-editor.default\">\n\t\t\t\t<div class=\"elementor-widget-container\">\n\t\t\t\t\t\t\t\t\t<p>\nZapraszamy Pa\u0144stwa do przyst\u0105pienia do Forum Aktywizacji Obszar\u00f3w Wiejskich (FAOW). FAOW to og\u00f3lnopolskie porozumienie organizacji dzia\u0142aj\u0105cych na rzecz wsi. Organizacje stowarzyszone w FAOW wsp\u00f3\u0142dzia\u0142aj\u0105 na rzecz lepszego funkcjonowania polskiej wsi w ramach Unii Europejskiej poprzez aktywizowanie spo\u0142eczno\u015bci wiejskich i zwi\u0119kszanie ich udzia\u0142u w procesie przemian na wsi, a tak\u017ce promowanie zr\u00f3wnowa\u017conego rozwoju teren\u00f3w wiejskich.<p>\n<p> Nadrz\u0119dnym celem FAOW jest wsparcie organizacji stowarzyszonych. Forum oferuje m.in. szeroki dost\u0119p do wiedzy eksperckiej oraz do bogatego do\u015bwiadczenia w pracy z organizacjami wiejskimi, zar\u00f3wno ze zwi\u0105zkami i federacjami, jak i ma\u0142ymi organizacjami wiejskimi. Od 2002 roku FAOW niezmiennie dzia\u0142a na rzecz:\n\n    <p>&#8211; wspierania i upowszechniania zr\u00f3wnowa\u017conego rozwoju obszar\u00f3w wiejskich;<p>\n   <p>   &#8211; rozwoju spo\u0142ecze\u0144stwa obywatelskiego i rozwoju gospodarki opartej na wiedzy na obszarach wiejskich;<p>\n    <p>  &#8211; aktywizowania spo\u0142eczno\u015bci lokalnych na terenach wiejskich;<p>\n    <p>  &#8211; budowania partnerstwa i dialogu na rzecz zr\u00f3wnowa\u017conego rozwoju wsi;<p>\n   <p>  &#8211; wzmacniania g\u0142osu polskich organizacji wiejskich na arenie mi\u0119dzynarodowej.<p><p>\n<p><br><\/p>Obecnie prace FAOW skupiaj\u0105 si\u0119 na oraz pracach organizacyjno-konsultacyjnych zwi\u0105zanych z utworzeniem Polskiego Parlamentu Wiejskiego, w tym aktywnym uczestnictwie w cyklicznie organizowanych European Rural Parliament oraz realizacji projektu partnerskiego z Federacj\u0105 Inicjatyw O\u015bwiatowych \u201e\u0141\u0105czy nas edukacja\u201d (https:\/\/faow.pl\/?p=1503) finansowanego w ramach Funduszy Europejskich na rzecz Rozwoju Spo\u0142ecznego (FERS). <p>\n\n<p><a href=\"https:\/\/faow.pl\/?p=1849\" target=\"_blank\"><b>Tu zobaczysz kto jest z nami<\/b><\/a><\/p>\n\n\n<p><br><\/p>\n<p>Aby zosta\u0107 cz\u0142onkiem FAOW, nale\u017cy uzupe\u0142ni\u0107 deklaracj\u0119 cz\u0142onkostwa w Zwi\u0105zku Stowarzysze\u0144 Forum Aktywizacji Obszar\u00f3w Wiejskich i wraz z za\u0142\u0105cznikami (statut, wyci\u0105g KRS lub innej ewidencji oraz uchwa\u0142a Zarz\u0105du o woli przyst\u0105pienia w charakterze cz\u0142onka zwyczajnego) przes\u0142a\u0107 na adres Forum Aktywizacji Obszar\u00f3w Wiejskich<\/p>\n<div>\n<p><span><b>00-363 Warszawa<\/b><\/span><\/p>\n<p><b>ul. Nowy \u015awiat 34\/6A <\/b><\/p>\n\n\n<p><br><\/p><p>Dokumenty do pobrania:\n\n<p>1. <a href=\"http:\/\/faow.pl\/wp-content\/uploads\/2024\/07\/deklaracja-czlonkostwa-FAOW-1.rtf\">deklaracja cz\u0142onkostwa FAOW <\/b><\/a><\/p>\n\n<p>2. <a href=\"http:\/\/faow.pl\/wp-content\/uploads\/2024\/07\/uchwala-o-przystapieniu-do-FAOW-propozycja-1.doc\"> uchwa\u0142a o przyst\u0105pieniu do FAOW &#8211; propozycja <\/b><\/a><\/p>\n<p><br><\/p>\n\n<p>Aktualna uchwa\u0142a dotycz\u0105ca wysoko\u015bci sk\u0142adki cz\u0142onkowskiej dost\u0119pna jest tutaj:<p>\n\n<p><a href=\"http:\/\/faow.pl\/wp-content\/uploads\/2024\/07\/WZ-FAOW-uchwala-nr4.pdf\">WZ FAOW uchwala nr4<\/a><p>\n\n<p><\/p>\n<\/div>\n\n\t\t\t\t\t\t\t\t<\/div>\n\t\t\t\t<\/div>\n\t\t\t\t\t<\/div>\n\t\t<\/div>\n\t\t\t\t\t<\/div>\n\t\t<\/section>\n\t\t\t\t<section class=\"elementor-section elementor-top-section elementor-element elementor-element-x3xfmwr elementor-section-boxed elementor-section-height-default elementor-section-height-default\" data-id=\"x3xfmwr\" data-element_type=\"section\" data-settings=\"{&quot;background_background&quot;:&quot;classic&quot;}\">\n\t\t\t\t\t\t<div class=\"elementor-container elementor-column-gap-default\">\n\t\t\t\t\t<div class=\"elementor-column elementor-col-100 elementor-top-column elementor-element elementor-element-dg5yyr8\" data-id=\"dg5yyr8\" data-element_type=\"column\">\n\t\t\t<div class=\"elementor-widget-wrap\">\n\t\t\t\t\t\t\t<\/div>\n\t\t<\/div>\n\t\t\t\t\t<\/div>\n\t\t<\/section>\n\t\t\t\t<\/div>\n\t\t","protected":false},"excerpt":{"rendered":"<p>Zapraszamy Pa\u0144stwa do przyst\u0105pienia do Forum Aktywizacji Obszar\u00f3w Wiejskich (FAOW). FAOW to og\u00f3lnopolskie porozumienie organizacji dzia\u0142aj\u0105cych na rzecz wsi. Organizacje stowarzyszone w FAOW wsp\u00f3\u0142dzia\u0142aj\u0105 na rzecz lepszego funkcjonowania polskiej wsi w ramach Unii Europejskiej poprzez aktywizowanie spo\u0142eczno\u015bci wiejskich i zwi\u0119kszanie ich udzia\u0142u w procesie przemian na wsi, a tak\u017ce promowanie zr\u00f3wnowa\u017conego rozwoju teren\u00f3w wiejskich. Nadrz\u0119dnym [&hellip;]<\/p>\n","protected":false},"author":1,"featured_media":0,"parent":0,"menu_order":0,"comment_status":"closed","ping_status":"closed","template":"","meta":{"om_disable_all_campaigns":false,"_monsterinsights_skip_tracking":false,"_monsterinsights_sitenote_active":false,"_monsterinsights_sitenote_note":"","_monsterinsights_sitenote_category":0,"ocean_post_layout":"full-screen","ocean_both_sidebars_style":"","ocean_both_sidebars_content_width":0,"ocean_both_sidebars_sidebars_width":0,"ocean_sidebar":"","ocean_second_sidebar":"","ocean_disable_margins":"on","ocean_add_body_class":"","ocean_shortcode_before_top_bar":"","ocean_shortcode_after_top_bar":"","ocean_shortcode_before_header":"","ocean_shortcode_after_header":"","ocean_has_shortcode":"","ocean_shortcode_after_title":"","ocean_shortcode_before_footer_widgets":"","ocean_shortcode_after_footer_widgets":"","ocean_shortcode_before_footer_bottom":"","ocean_shortcode_after_footer_bottom":"","ocean_display_top_bar":"default","ocean_display_header":"default","ocean_header_style":"","ocean_center_header_left_menu":"","ocean_custom_header_template":"","ocean_custom_logo":0,"ocean_custom_retina_logo":0,"ocean_custom_logo_max_width":0,"ocean_custom_logo_tablet_max_width":0,"ocean_custom_logo_mobile_max_width":0,"ocean_custom_logo_max_height":0,"ocean_custom_logo_tablet_max_height":0,"ocean_custom_logo_mobile_max_height":0,"ocean_header_custom_menu":"","ocean_menu_typo_font_family":"","ocean_menu_typo_font_subset":"","ocean_menu_typo_font_size":0,"ocean_menu_typo_font_size_tablet":0,"ocean_menu_typo_font_size_mobile":0,"ocean_menu_typo_font_size_unit":"px","ocean_menu_typo_font_weight":"","ocean_menu_typo_font_weight_tablet":"","ocean_menu_typo_font_weight_mobile":"","ocean_menu_typo_transform":"","ocean_menu_typo_transform_tablet":"","ocean_menu_typo_transform_mobile":"","ocean_menu_typo_line_height":0,"ocean_menu_typo_line_height_tablet":0,"ocean_menu_typo_line_height_mobile":0,"ocean_menu_typo_line_height_unit":"","ocean_menu_typo_spacing":0,"ocean_menu_typo_spacing_tablet":0,"ocean_menu_typo_spacing_mobile":0,"ocean_menu_typo_spacing_unit":"","ocean_menu_link_color":"","ocean_menu_link_color_hover":"","ocean_menu_link_color_active":"","ocean_menu_link_background":"","ocean_menu_link_hover_background":"","ocean_menu_link_active_background":"","ocean_menu_social_links_bg":"","ocean_menu_social_hover_links_bg":"","ocean_menu_social_links_color":"","ocean_menu_social_hover_links_color":"","ocean_disable_title":"default","ocean_disable_heading":"default","ocean_post_title":"","ocean_post_subheading":"","ocean_post_title_style":"","ocean_post_title_background_color":"","ocean_post_title_background":0,"ocean_post_title_bg_image_position":"","ocean_post_title_bg_image_attachment":"","ocean_post_title_bg_image_repeat":"","ocean_post_title_bg_image_size":"","ocean_post_title_height":0,"ocean_post_title_bg_overlay":0.5,"ocean_post_title_bg_overlay_color":"","ocean_disable_breadcrumbs":"default","ocean_breadcrumbs_color":"","ocean_breadcrumbs_separator_color":"","ocean_breadcrumbs_links_color":"","ocean_breadcrumbs_links_hover_color":"","ocean_display_footer_widgets":"default","ocean_display_footer_bottom":"default","ocean_custom_footer_template":"","footnotes":""},"class_list":["post-360","page","type-page","status-publish","hentry","entry"],"aioseo_notices":[],"_links":{"self":[{"href":"https:\/\/faow.pl\/index.php?rest_route=\/wp\/v2\/pages\/360","targetHints":{"allow":["GET"]}}],"collection":[{"href":"https:\/\/faow.pl\/index.php?rest_route=\/wp\/v2\/pages"}],"about":[{"href":"https:\/\/faow.pl\/index.php?rest_route=\/wp\/v2\/types\/page"}],"author":[{"embeddable":true,"href":"https:\/\/faow.pl\/index.php?rest_route=\/wp\/v2\/users\/1"}],"replies":[{"embeddable":true,"href":"https:\/\/faow.pl\/index.php?rest_route=%2Fwp%2Fv2%2Fcomments&post=360"}],"version-history":[{"count":48,"href":"https:\/\/faow.pl\/index.php?rest_route=\/wp\/v2\/pages\/360\/revisions"}],"predecessor-version":[{"id":2078,"href":"https:\/\/faow.pl\/index.php?rest_route=\/wp\/v2\/pages\/360\/revisions\/2078"}],"wp:attachment":[{"href":"https:\/\/faow.pl\/index.php?rest_route=%2Fwp%2Fv2%2Fmedia&parent=360"}],"curies":[{"name":"wp","href":"https:\/\/api.w.org\/{rel}","templated":true}]}}