{"id":1633,"date":"2024-04-25T14:24:24","date_gmt":"2024-04-25T12:24:24","guid":{"rendered":"https:\/\/faow.pl\/?page_id=1633"},"modified":"2024-06-03T12:04:14","modified_gmt":"2024-06-03T10:04:14","slug":"elementor-1633","status":"publish","type":"page","link":"https:\/\/faow.pl\/?page_id=1633","title":{"rendered":"Zarz\u0105d oraz Komisja Rewizyjna Forum Aktywizacji Obszar\u00f3w Wiejskich"},"content":{"rendered":"\t\t<div data-elementor-type=\"wp-page\" data-elementor-id=\"1633\" class=\"elementor elementor-1633\">\n\t\t\t\t<div class=\"elementor-element elementor-element-9313ded e-flex e-con-boxed e-con e-parent\" data-id=\"9313ded\" data-element_type=\"container\">\n\t\t\t\t\t<div class=\"e-con-inner\">\n\t\t\t\t<div class=\"elementor-element elementor-element-ba61425 elementor-widget elementor-widget-heading\" data-id=\"ba61425\" data-element_type=\"widget\" data-widget_type=\"heading.default\">\n\t\t\t\t<div class=\"elementor-widget-container\">\n\t\t\t\t\t<h2 class=\"elementor-heading-title elementor-size-default\">Zarz\u0105d oraz Komisja Rewizyjna Forum Aktywizacji Obszar\u00f3w Wiejskich<\/h2>\t\t\t\t<\/div>\n\t\t\t\t<\/div>\n\t\t\t\t\t<\/div>\n\t\t\t\t<\/div>\n\t\t\t\t<section class=\"elementor-section elementor-top-section elementor-element elementor-element-702c51f attorneys-boxes elementor-section-boxed elementor-section-height-default elementor-section-height-default\" data-id=\"702c51f\" data-element_type=\"section\" data-settings=\"{&quot;background_background&quot;:&quot;classic&quot;}\">\n\t\t\t\t\t\t<div class=\"elementor-container elementor-column-gap-default\">\n\t\t\t\t\t<div class=\"elementor-column elementor-col-20 elementor-top-column elementor-element elementor-element-807c401\" data-id=\"807c401\" data-element_type=\"column\" data-settings=\"{&quot;background_background&quot;:&quot;classic&quot;}\">\n\t\t\t<div class=\"elementor-widget-wrap elementor-element-populated\">\n\t\t\t\t\t\t<div class=\"elementor-element elementor-element-19509a4 elementor-position-top elementor-widget elementor-widget-image-box\" data-id=\"19509a4\" data-element_type=\"widget\" data-widget_type=\"image-box.default\">\n\t\t\t\t<div class=\"elementor-widget-container\">\n\t\t\t\t\t<div class=\"elementor-image-box-wrapper\"><figure class=\"elementor-image-box-img\"><img fetchpriority=\"high\" decoding=\"async\" width=\"238\" height=\"300\" src=\"https:\/\/faow.pl\/wp-content\/uploads\/2024\/05\/Prezes-Jaroslaw-Kuba-1-238x300.jpg\" class=\"attachment-medium size-medium wp-image-1824\" alt=\"\" srcset=\"https:\/\/faow.pl\/wp-content\/uploads\/2024\/05\/Prezes-Jaroslaw-Kuba-1-238x300.jpg 238w, https:\/\/faow.pl\/wp-content\/uploads\/2024\/05\/Prezes-Jaroslaw-Kuba-1.jpg 600w\" sizes=\"(max-width: 238px) 100vw, 238px\" \/><\/figure><div class=\"elementor-image-box-content\"><h3 class=\"elementor-image-box-title\">Jaros\u0142aw Kuba<\/h3><p class=\"elementor-image-box-description\">Prezes Zarz\u0105du FAOW<\/p><\/div><\/div>\t\t\t\t<\/div>\n\t\t\t\t<\/div>\n\t\t\t\t<div class=\"elementor-element elementor-element-a0f7b0c elementor-widget-divider--view-line elementor-widget elementor-widget-divider\" data-id=\"a0f7b0c\" data-element_type=\"widget\" data-widget_type=\"divider.default\">\n\t\t\t\t<div class=\"elementor-widget-container\">\n\t\t\t\t\t\t\t<div class=\"elementor-divider\">\n\t\t\t<span class=\"elementor-divider-separator\">\n\t\t\t\t\t\t<\/span>\n\t\t<\/div>\n\t\t\t\t\t\t<\/div>\n\t\t\t\t<\/div>\n\t\t\t\t<div class=\"elementor-element elementor-element-a5da360 elementor-widget elementor-widget-text-editor\" data-id=\"a5da360\" data-element_type=\"widget\" data-widget_type=\"text-editor.default\">\n\t\t\t\t<div class=\"elementor-widget-container\">\n\t\t\t\t\t\t\t\t\t<img decoding=\"async\" src=\"http:\/\/faow.pl\/wp-content\/uploads\/2024\/05\/Jacek-Wesierski-Zarzad-e1715586736173-253x300.jpg\" alt=\"\" width=\"253\" height=\"300\" class=\"alignnone size-medium wp-image-1741\" srcset=\"https:\/\/faow.pl\/wp-content\/uploads\/2024\/05\/Jacek-Wesierski-Zarzad-e1715586736173-253x300.jpg 253w, https:\/\/faow.pl\/wp-content\/uploads\/2024\/05\/Jacek-Wesierski-Zarzad-e1715586736173.jpg 400w\" sizes=\"(max-width: 253px) 100vw, 253px\" \/>\t\t\t\t\t\t\t\t<\/div>\n\t\t\t\t<\/div>\n\t\t\t\t<div class=\"elementor-element elementor-element-6860e15 elementor-widget elementor-widget-image-box\" data-id=\"6860e15\" data-element_type=\"widget\" data-widget_type=\"image-box.default\">\n\t\t\t\t<div class=\"elementor-widget-container\">\n\t\t\t\t\t<div class=\"elementor-image-box-wrapper\"><div class=\"elementor-image-box-content\"><h3 class=\"elementor-image-box-title\">Jacek W\u0119sierski<\/h3><p class=\"elementor-image-box-description\">Cz\u0142onek Zarz\u0105du FAOW<\/p><\/div><\/div>\t\t\t\t<\/div>\n\t\t\t\t<\/div>\n\t\t\t\t\t<\/div>\n\t\t<\/div>\n\t\t\t\t<div class=\"elementor-column elementor-col-20 elementor-top-column elementor-element elementor-element-c28d99c\" data-id=\"c28d99c\" data-element_type=\"column\" data-settings=\"{&quot;background_background&quot;:&quot;classic&quot;}\">\n\t\t\t<div class=\"elementor-widget-wrap elementor-element-populated\">\n\t\t\t\t\t\t<div class=\"elementor-element elementor-element-abac458 elementor-position-top elementor-widget elementor-widget-image-box\" data-id=\"abac458\" data-element_type=\"widget\" data-widget_type=\"image-box.default\">\n\t\t\t\t<div class=\"elementor-widget-container\">\n\t\t\t\t\t<div class=\"elementor-image-box-wrapper\"><figure class=\"elementor-image-box-img\"><img decoding=\"async\" width=\"544\" height=\"631\" src=\"https:\/\/faow.pl\/wp-content\/uploads\/2024\/05\/Szymon-Migon-Zarzad-1.jpeg\" class=\"attachment-full size-full wp-image-1779\" alt=\"\" srcset=\"https:\/\/faow.pl\/wp-content\/uploads\/2024\/05\/Szymon-Migon-Zarzad-1.jpeg 544w, https:\/\/faow.pl\/wp-content\/uploads\/2024\/05\/Szymon-Migon-Zarzad-1-259x300.jpeg 259w\" sizes=\"(max-width: 544px) 100vw, 544px\" \/><\/figure><div class=\"elementor-image-box-content\"><h3 class=\"elementor-image-box-title\">Szymon Migo\u0144<\/h3><p class=\"elementor-image-box-description\">Wiceprezes Zarz\u0105du FAOW<\/p><\/div><\/div>\t\t\t\t<\/div>\n\t\t\t\t<\/div>\n\t\t\t\t<div class=\"elementor-element elementor-element-913b7b9 elementor-widget-divider--view-line elementor-widget elementor-widget-divider\" data-id=\"913b7b9\" data-element_type=\"widget\" data-widget_type=\"divider.default\">\n\t\t\t\t<div class=\"elementor-widget-container\">\n\t\t\t\t\t\t\t<div class=\"elementor-divider\">\n\t\t\t<span class=\"elementor-divider-separator\">\n\t\t\t\t\t\t<\/span>\n\t\t<\/div>\n\t\t\t\t\t\t<\/div>\n\t\t\t\t<\/div>\n\t\t\t\t<div class=\"elementor-element elementor-element-a30a956 elementor-widget elementor-widget-image-box\" data-id=\"a30a956\" data-element_type=\"widget\" data-widget_type=\"image-box.default\">\n\t\t\t\t<div class=\"elementor-widget-container\">\n\t\t\t\t\t<div class=\"elementor-image-box-wrapper\"><div class=\"elementor-image-box-content\"><h3 class=\"elementor-image-box-title\">Maria Nowak<\/h3><p class=\"elementor-image-box-description\">Przewodnicz\u0105ca Komisji<\/p><\/div><\/div>\t\t\t\t<\/div>\n\t\t\t\t<\/div>\n\t\t\t\t\t<\/div>\n\t\t<\/div>\n\t\t\t\t<div class=\"elementor-column elementor-col-20 elementor-top-column elementor-element elementor-element-bfbacbb\" data-id=\"bfbacbb\" data-element_type=\"column\" data-settings=\"{&quot;background_background&quot;:&quot;classic&quot;}\">\n\t\t\t<div class=\"elementor-widget-wrap elementor-element-populated\">\n\t\t\t\t\t\t<div class=\"elementor-element elementor-element-6b5628b elementor-position-top elementor-widget elementor-widget-image-box\" data-id=\"6b5628b\" data-element_type=\"widget\" data-widget_type=\"image-box.default\">\n\t\t\t\t<div class=\"elementor-widget-container\">\n\t\t\t\t\t<div class=\"elementor-image-box-wrapper\"><figure class=\"elementor-image-box-img\"><img loading=\"lazy\" decoding=\"async\" width=\"601\" height=\"667\" src=\"https:\/\/faow.pl\/wp-content\/uploads\/2024\/05\/AD-FOT-1.jpg\" class=\"attachment-full size-full wp-image-1742\" alt=\"\" srcset=\"https:\/\/faow.pl\/wp-content\/uploads\/2024\/05\/AD-FOT-1.jpg 601w, https:\/\/faow.pl\/wp-content\/uploads\/2024\/05\/AD-FOT-1-270x300.jpg 270w\" sizes=\"(max-width: 601px) 100vw, 601px\" \/><\/figure><div class=\"elementor-image-box-content\"><h3 class=\"elementor-image-box-title\">Adam D\u0105browski<\/h3><p class=\"elementor-image-box-description\">Sekretarz Zarz\u0105du FAOW<\/p><\/div><\/div>\t\t\t\t<\/div>\n\t\t\t\t<\/div>\n\t\t\t\t<div class=\"elementor-element elementor-element-02a1e88 elementor-widget-divider--view-line elementor-widget elementor-widget-divider\" data-id=\"02a1e88\" data-element_type=\"widget\" data-widget_type=\"divider.default\">\n\t\t\t\t<div class=\"elementor-widget-container\">\n\t\t\t\t\t\t\t<div class=\"elementor-divider\">\n\t\t\t<span class=\"elementor-divider-separator\">\n\t\t\t\t\t\t<\/span>\n\t\t<\/div>\n\t\t\t\t\t\t<\/div>\n\t\t\t\t<\/div>\n\t\t\t\t<div class=\"elementor-element elementor-element-758ee3c elementor-widget elementor-widget-image-box\" data-id=\"758ee3c\" data-element_type=\"widget\" data-widget_type=\"image-box.default\">\n\t\t\t\t<div class=\"elementor-widget-container\">\n\t\t\t\t\t<div class=\"elementor-image-box-wrapper\"><div class=\"elementor-image-box-content\"><h3 class=\"elementor-image-box-title\">Tomasz Pi\u0142at<\/h3><p class=\"elementor-image-box-description\">Cz\u0142onek Komisji<\/p><\/div><\/div>\t\t\t\t<\/div>\n\t\t\t\t<\/div>\n\t\t\t\t\t<\/div>\n\t\t<\/div>\n\t\t\t\t<div class=\"elementor-column elementor-col-20 elementor-top-column elementor-element elementor-element-d8931bf\" data-id=\"d8931bf\" data-element_type=\"column\" data-settings=\"{&quot;background_background&quot;:&quot;classic&quot;}\">\n\t\t\t<div class=\"elementor-widget-wrap elementor-element-populated\">\n\t\t\t\t\t\t<div class=\"elementor-element elementor-element-25919d7 elementor-position-top elementor-widget elementor-widget-image-box\" data-id=\"25919d7\" data-element_type=\"widget\" data-widget_type=\"image-box.default\">\n\t\t\t\t<div class=\"elementor-widget-container\">\n\t\t\t\t\t<div class=\"elementor-image-box-wrapper\"><figure class=\"elementor-image-box-img\"><img loading=\"lazy\" decoding=\"async\" width=\"720\" height=\"864\" src=\"https:\/\/faow.pl\/wp-content\/uploads\/2024\/04\/Urszula-Budzit-Tabor-czlonkini-Zarzadu-FAOW-uai-720x864-1.jpg\" class=\"attachment-full size-full wp-image-954\" alt=\"\" srcset=\"https:\/\/faow.pl\/wp-content\/uploads\/2024\/04\/Urszula-Budzit-Tabor-czlonkini-Zarzadu-FAOW-uai-720x864-1.jpg 720w, https:\/\/faow.pl\/wp-content\/uploads\/2024\/04\/Urszula-Budzit-Tabor-czlonkini-Zarzadu-FAOW-uai-720x864-1-250x300.jpg 250w\" sizes=\"(max-width: 720px) 100vw, 720px\" \/><\/figure><div class=\"elementor-image-box-content\"><h3 class=\"elementor-image-box-title\">Urszula Budzich-Tabor<\/h3><p class=\"elementor-image-box-description\">Skarbnik FAOW, reprezentuje Stowarzyszenie Agrolinia<\/p><\/div><\/div>\t\t\t\t<\/div>\n\t\t\t\t<\/div>\n\t\t\t\t<div class=\"elementor-element elementor-element-4a8841a elementor-widget-divider--view-line elementor-widget elementor-widget-divider\" data-id=\"4a8841a\" data-element_type=\"widget\" data-widget_type=\"divider.default\">\n\t\t\t\t<div class=\"elementor-widget-container\">\n\t\t\t\t\t\t\t<div class=\"elementor-divider\">\n\t\t\t<span class=\"elementor-divider-separator\">\n\t\t\t\t\t\t<\/span>\n\t\t<\/div>\n\t\t\t\t\t\t<\/div>\n\t\t\t\t<\/div>\n\t\t\t\t<div class=\"elementor-element elementor-element-4e2732d elementor-position-top elementor-widget elementor-widget-image-box\" data-id=\"4e2732d\" data-element_type=\"widget\" data-widget_type=\"image-box.default\">\n\t\t\t\t<div class=\"elementor-widget-container\">\n\t\t\t\t\t<div class=\"elementor-image-box-wrapper\"><figure class=\"elementor-image-box-img\"><img loading=\"lazy\" decoding=\"async\" width=\"970\" height=\"1101\" src=\"https:\/\/faow.pl\/wp-content\/uploads\/2024\/06\/Joanna-Boduch-Paw_edited-1.jpg\" class=\"attachment-full size-full wp-image-2001\" alt=\"\" srcset=\"https:\/\/faow.pl\/wp-content\/uploads\/2024\/06\/Joanna-Boduch-Paw_edited-1.jpg 970w, https:\/\/faow.pl\/wp-content\/uploads\/2024\/06\/Joanna-Boduch-Paw_edited-1-264x300.jpg 264w, https:\/\/faow.pl\/wp-content\/uploads\/2024\/06\/Joanna-Boduch-Paw_edited-1-902x1024.jpg 902w, https:\/\/faow.pl\/wp-content\/uploads\/2024\/06\/Joanna-Boduch-Paw_edited-1-768x872.jpg 768w\" sizes=\"(max-width: 970px) 100vw, 970px\" \/><\/figure><div class=\"elementor-image-box-content\"><h3 class=\"elementor-image-box-title\">Joanna Boduch-Paw<\/h3><p class=\"elementor-image-box-description\">Cz\u0142onkini Komisji\n<\/p><\/div><\/div>\t\t\t\t<\/div>\n\t\t\t\t<\/div>\n\t\t\t\t\t<\/div>\n\t\t<\/div>\n\t\t\t\t<div class=\"elementor-column elementor-col-20 elementor-top-column elementor-element elementor-element-cb4d874\" data-id=\"cb4d874\" data-element_type=\"column\" data-settings=\"{&quot;background_background&quot;:&quot;classic&quot;}\">\n\t\t\t<div class=\"elementor-widget-wrap elementor-element-populated\">\n\t\t\t\t\t\t<div class=\"elementor-element elementor-element-e9dedf8 elementor-position-top elementor-widget elementor-widget-image-box\" data-id=\"e9dedf8\" data-element_type=\"widget\" data-widget_type=\"image-box.default\">\n\t\t\t\t<div class=\"elementor-widget-container\">\n\t\t\t\t\t<div class=\"elementor-image-box-wrapper\"><figure class=\"elementor-image-box-img\"><img loading=\"lazy\" decoding=\"async\" width=\"850\" height=\"1033\" src=\"https:\/\/faow.pl\/wp-content\/uploads\/2024\/04\/portret-rgb4.jpg\" class=\"attachment-full size-full wp-image-1257\" alt=\"\" srcset=\"https:\/\/faow.pl\/wp-content\/uploads\/2024\/04\/portret-rgb4.jpg 850w, https:\/\/faow.pl\/wp-content\/uploads\/2024\/04\/portret-rgb4-247x300.jpg 247w, https:\/\/faow.pl\/wp-content\/uploads\/2024\/04\/portret-rgb4-843x1024.jpg 843w, https:\/\/faow.pl\/wp-content\/uploads\/2024\/04\/portret-rgb4-768x933.jpg 768w\" sizes=\"(max-width: 850px) 100vw, 850px\" \/><\/figure><div class=\"elementor-image-box-content\"><h3 class=\"elementor-image-box-title\">Ryszard Kami\u0144ski&nbsp; <\/h3><p class=\"elementor-image-box-description\">Cz\u0142onek Zarz\u0105du FAOW<\/p><\/div><\/div>\t\t\t\t<\/div>\n\t\t\t\t<\/div>\n\t\t\t\t<div class=\"elementor-element elementor-element-492542f elementor-widget-divider--view-line elementor-widget elementor-widget-divider\" data-id=\"492542f\" data-element_type=\"widget\" data-widget_type=\"divider.default\">\n\t\t\t\t<div class=\"elementor-widget-container\">\n\t\t\t\t\t\t\t<div class=\"elementor-divider\">\n\t\t\t<span class=\"elementor-divider-separator\">\n\t\t\t\t\t\t<\/span>\n\t\t<\/div>\n\t\t\t\t\t\t<\/div>\n\t\t\t\t<\/div>\n\t\t\t\t\t<\/div>\n\t\t<\/div>\n\t\t\t\t\t<\/div>\n\t\t<\/section>\n\t\t\t\t<\/div>\n\t\t","protected":false},"excerpt":{"rendered":"<p>Zarz\u0105d oraz Komisja Rewizyjna Forum Aktywizacji Obszar\u00f3w Wiejskich Jaros\u0142aw Kuba Prezes Zarz\u0105du FAOW Jacek W\u0119sierski Cz\u0142onek Zarz\u0105du FAOW Szymon Migo\u0144 Wiceprezes Zarz\u0105du FAOW Maria Nowak Przewodnicz\u0105ca Komisji Adam D\u0105browski Sekretarz Zarz\u0105du FAOW Tomasz Pi\u0142at Cz\u0142onek Komisji Urszula Budzich-Tabor Skarbnik FAOW, reprezentuje Stowarzyszenie Agrolinia Joanna Boduch-Paw Cz\u0142onkini Komisji Ryszard Kami\u0144ski&nbsp; Cz\u0142onek Zarz\u0105du FAOW<\/p>\n","protected":false},"author":1,"featured_media":0,"parent":0,"menu_order":0,"comment_status":"closed","ping_status":"closed","template":"","meta":{"om_disable_all_campaigns":false,"_monsterinsights_skip_tracking":false,"_monsterinsights_sitenote_active":false,"_monsterinsights_sitenote_note":"","_monsterinsights_sitenote_category":0,"ocean_post_layout":"","ocean_both_sidebars_style":"","ocean_both_sidebars_content_width":0,"ocean_both_sidebars_sidebars_width":0,"ocean_sidebar":"0","ocean_second_sidebar":"0","ocean_disable_margins":"enable","ocean_add_body_class":"","ocean_shortcode_before_top_bar":"","ocean_shortcode_after_top_bar":"","ocean_shortcode_before_header":"","ocean_shortcode_after_header":"","ocean_has_shortcode":"","ocean_shortcode_after_title":"","ocean_shortcode_before_footer_widgets":"","ocean_shortcode_after_footer_widgets":"","ocean_shortcode_before_footer_bottom":"","ocean_shortcode_after_footer_bottom":"","ocean_display_top_bar":"default","ocean_display_header":"default","ocean_header_style":"","ocean_center_header_left_menu":"0","ocean_custom_header_template":"0","ocean_custom_logo":0,"ocean_custom_retina_logo":0,"ocean_custom_logo_max_width":0,"ocean_custom_logo_tablet_max_width":0,"ocean_custom_logo_mobile_max_width":0,"ocean_custom_logo_max_height":0,"ocean_custom_logo_tablet_max_height":0,"ocean_custom_logo_mobile_max_height":0,"ocean_header_custom_menu":"0","ocean_menu_typo_font_family":"0","ocean_menu_typo_font_subset":"","ocean_menu_typo_font_size":0,"ocean_menu_typo_font_size_tablet":0,"ocean_menu_typo_font_size_mobile":0,"ocean_menu_typo_font_size_unit":"px","ocean_menu_typo_font_weight":"","ocean_menu_typo_font_weight_tablet":"","ocean_menu_typo_font_weight_mobile":"","ocean_menu_typo_transform":"","ocean_menu_typo_transform_tablet":"","ocean_menu_typo_transform_mobile":"","ocean_menu_typo_line_height":0,"ocean_menu_typo_line_height_tablet":0,"ocean_menu_typo_line_height_mobile":0,"ocean_menu_typo_line_height_unit":"","ocean_menu_typo_spacing":0,"ocean_menu_typo_spacing_tablet":0,"ocean_menu_typo_spacing_mobile":0,"ocean_menu_typo_spacing_unit":"","ocean_menu_link_color":"","ocean_menu_link_color_hover":"","ocean_menu_link_color_active":"","ocean_menu_link_background":"","ocean_menu_link_hover_background":"","ocean_menu_link_active_background":"","ocean_menu_social_links_bg":"","ocean_menu_social_hover_links_bg":"","ocean_menu_social_links_color":"","ocean_menu_social_hover_links_color":"","ocean_disable_title":"default","ocean_disable_heading":"default","ocean_post_title":"","ocean_post_subheading":"","ocean_post_title_style":"","ocean_post_title_background_color":"","ocean_post_title_background":0,"ocean_post_title_bg_image_position":"","ocean_post_title_bg_image_attachment":"","ocean_post_title_bg_image_repeat":"","ocean_post_title_bg_image_size":"","ocean_post_title_height":0,"ocean_post_title_bg_overlay":0.5,"ocean_post_title_bg_overlay_color":"","ocean_disable_breadcrumbs":"default","ocean_breadcrumbs_color":"","ocean_breadcrumbs_separator_color":"","ocean_breadcrumbs_links_color":"","ocean_breadcrumbs_links_hover_color":"","ocean_display_footer_widgets":"default","ocean_display_footer_bottom":"default","ocean_custom_footer_template":"0","footnotes":""},"class_list":["post-1633","page","type-page","status-publish","hentry","entry"],"aioseo_notices":[],"_links":{"self":[{"href":"https:\/\/faow.pl\/index.php?rest_route=\/wp\/v2\/pages\/1633","targetHints":{"allow":["GET"]}}],"collection":[{"href":"https:\/\/faow.pl\/index.php?rest_route=\/wp\/v2\/pages"}],"about":[{"href":"https:\/\/faow.pl\/index.php?rest_route=\/wp\/v2\/types\/page"}],"author":[{"embeddable":true,"href":"https:\/\/faow.pl\/index.php?rest_route=\/wp\/v2\/users\/1"}],"replies":[{"embeddable":true,"href":"https:\/\/faow.pl\/index.php?rest_route=%2Fwp%2Fv2%2Fcomments&post=1633"}],"version-history":[{"count":19,"href":"https:\/\/faow.pl\/index.php?rest_route=\/wp\/v2\/pages\/1633\/revisions"}],"predecessor-version":[{"id":2008,"href":"https:\/\/faow.pl\/index.php?rest_route=\/wp\/v2\/pages\/1633\/revisions\/2008"}],"wp:attachment":[{"href":"https:\/\/faow.pl\/index.php?rest_route=%2Fwp%2Fv2%2Fmedia&parent=1633"}],"curies":[{"name":"wp","href":"https:\/\/api.w.org\/{rel}","templated":true}]}}