{"id":1283,"date":"2024-04-19T14:55:22","date_gmt":"2024-04-19T12:55:22","guid":{"rendered":"https:\/\/faow.pl\/?page_id=1283"},"modified":"2024-05-06T09:11:19","modified_gmt":"2024-05-06T07:11:19","slug":"akademia-umiejetnosci-animatora-lgd","status":"publish","type":"page","link":"https:\/\/faow.pl\/?page_id=1283","title":{"rendered":"Akademia Umiej\u0119tno\u015bci Animatora LGD"},"content":{"rendered":"<p><strong>Akademia Umiej\u0119tno\u015bci Animatora LGD<\/strong><br \/>\n<strong>Opis projektu<\/strong><\/p>\n<p>Celem projektu \u201eAkademia Umiej\u0119tno\u015bci Animatora LGD\u201d by\u0142o dostarczenie wiedzy i rozwini\u0119cie umiej\u0119tno\u015bci przydatnych osobom zaanga\u017cowanym w dzia\u0142alno\u015b\u0107 Lokalnych Grup Dzia\u0142ania (LGD) w zakresie animacji spo\u0142eczno\u015bci lokalnych.<\/p>\n<p>Lokalne Grupy Dzia\u0142ania powinny pos\u0142ugiwa\u0107 si\u0119 animacj\u0105 jako jedn\u0105 z najskuteczniejszych metod aktywizowania lokalnych spo\u0142eczno\u015bci do tw\u00f3rczego udzia\u0142u w budowie, a nast\u0119pnie realizacji Lokalnych Strategii Rozwoju (LSR).<\/p>\n<p>Do\u015b\u0107 cz\u0119sto obowi\u0105zek dzia\u0142a\u0144 aktywizuj\u0105cych spoczywa g\u0142\u00f3wnie na barkach pracownik\u00f3w LGD, kt\u00f3rzy maj\u0105 tak\u017ce wiele innych zada\u0144 do wykonania, w tym zwi\u0105zanych ze stosowaniem formalnych procedur.<\/p>\n<p>Animacja w lokalnych spo\u0142eczno\u015bciach mo\u017ce by\u0107 prowadzona z inspiracji w\u0142adz LGD, ale niekoniecznie przez pracownik\u00f3w biura. Mog\u0105 takie dzia\u0142ania podejmowa\u0107 cz\u0142onkowie LGD, ale te\u017c dzia\u0142acze podmiot\u00f3w zrzeszonych w partnerstwie. Istotna jest wiedza<br \/>\no prawach rz\u0105dz\u0105cych \u017cyciem spo\u0142ecznym i o metodach oddzia\u0142ywania na uczestnik\u00f3w tych proces\u00f3w, a tak\u017ce o sposobach funkcjonowania w\u015br\u00f3d ludzi i metodach pracy z lud\u017ami. Pierwszorz\u0119dne znaczenie ma pasja do dzia\u0142ania \u2013 motor nap\u0119dzaj\u0105cy ludzk\u0105 aktywno\u015b\u0107.<\/p>\n<p>O ile pasja do dzia\u0142ania zale\u017cy od cech indywidualnych, o tyle wiedz\u0119 mo\u017cna dostarczy\u0107, a umiej\u0119tno\u015bci rozwin\u0105\u0107.<\/p>\n<p><strong>Dzia\u0142ania<\/strong><\/p>\n<p>W ramach projektu odby\u0142y si\u0119 wyk\u0142ady teoretyczne i zaj\u0119cia praktyczne, w tym samodzielna praca uczestnika w lokalnym \u015brodowisku wsparta przez doradc\u0119-eksperta. Tematyka zaj\u0119\u0107 zosta\u0142a zaplanowana w sze\u015bciu modu\u0142ach grupuj\u0105cych zbli\u017con\u0105 problematyk\u0119. Modu\u0142y zosta\u0142y zrealizowane podczas trzech trzydniowych zjazd\u00f3w \u2013 warsztat\u00f3w.<\/p>\n<p>Podstawow\u0105 form\u0105 realizacji programu by\u0142 cykl 3 warsztat\u00f3w (po 3 dni w 4 regionach kraju), prowadzonych przez do\u015bwiadczonych trener\u00f3w. Praktycznym dope\u0142nieniem warsztat\u00f3w by\u0142y wyjazdy studyjne po\u0142\u0105czone z seminarium regionalnym. Szczeg\u00f3lnie istotne podczas wyjazd\u00f3w studyjnych by\u0142y praktyczne aspekty pracy animatora i mo\u017cliwo\u015b\u0107 konsultowania konkretnych, realnych problem\u00f3w z osobami posiadaj\u0105cymi du\u017ce do\u015bwiadczenie jako animatorzy.<\/p>\n<p>W ramach projektu odby\u0142 si\u0119 tak\u017ce konkurs (a w\u0142a\u015bciwie 4 konkursy w grupach regionalnych) z nagrodami pieni\u0119\u017cnymi dla uczestnik\u00f3w Akademii Umiej\u0119tno\u015bci Animatora LGD, kt\u00f3rego celem by\u0142o zach\u0119cenie do sprawdzenia w praktyce wiedzy nabytej w czasie warsztat\u00f3w. Przedmiotem konkursu by\u0142a relacja z dzia\u0142a\u0144 podj\u0119tych przez uczestnika warsztat\u00f3w w swoim \u015brodowisku lokalnym w czasie miesi\u0119cy wakacyjnych.<\/p>\n<p>Na zako\u0144czenie projektu, w dniach 2-3 pa\u017adziernika 2018, odby\u0142a si\u0119 konferencja podsumowuj\u0105ca po\u015bwi\u0119cona wymianie do\u015bwiadcze\u0144, dobrych praktyk oraz dyskusji nad rekomendacjami dla FAOW w zakresie dalszych szkole\u0144 animacyjnych. Podczas konferencji og\u0142oszono tak\u017ce wyniki konkursu.<\/p>\n<p><strong>Uczestnicy<\/strong><\/p>\n<p>Uczestnikami Akademii byli:<br \/>\n    partnerzy<br \/>\n    cz\u0142onkowie<br \/>\n    przedstawiciele<br \/>\n    pracownicy<br \/>\n    wolontariusze<\/p>\n<p>LGD zainteresowani umiej\u0119tnym wykorzystaniem innowacyjnych rozwi\u0105za\u0144, wspieraniem rozwoju przedsi\u0119biorczo\u015bci i umiej\u0119tnym wykorzystaniem szeroko rozumianych lokalnych zasob\u00f3w.<\/p>\n<p><strong>Finansowanie<\/strong><\/p>\n<p>Europejski Fundusz Rolny na rzecz Rozwoju Obszar\u00f3w Wiejskich<br \/>\nPlan dzia\u0142ania Krajowej Sieci Obszar\u00f3w Wiejskich na lata 2014-2020<br \/>\nProgram Rozwoju Obszar\u00f3w Wiejskich na lata 2014-2020<\/p>\n<p><strong>Okres realizacji<\/strong><br \/>\n2018-2019<\/p>\n<p><strong>Partnerz<\/strong><br \/>\nProjekt realizowany samodzielnie<\/p>\n","protected":false},"excerpt":{"rendered":"<p>Akademia Umiej\u0119tno\u015bci Animatora LGD Opis projektu Celem projektu \u201eAkademia Umiej\u0119tno\u015bci Animatora LGD\u201d by\u0142o dostarczenie wiedzy i rozwini\u0119cie umiej\u0119tno\u015bci przydatnych osobom zaanga\u017cowanym w dzia\u0142alno\u015b\u0107 Lokalnych Grup Dzia\u0142ania (LGD) w zakresie animacji spo\u0142eczno\u015bci lokalnych. Lokalne Grupy Dzia\u0142ania powinny pos\u0142ugiwa\u0107 si\u0119 animacj\u0105 jako jedn\u0105 z najskuteczniejszych metod aktywizowania lokalnych spo\u0142eczno\u015bci do tw\u00f3rczego udzia\u0142u w budowie, a nast\u0119pnie realizacji [&hellip;]<\/p>\n","protected":false},"author":1,"featured_media":0,"parent":339,"menu_order":0,"comment_status":"closed","ping_status":"closed","template":"","meta":{"om_disable_all_campaigns":false,"_monsterinsights_skip_tracking":false,"_monsterinsights_sitenote_active":false,"_monsterinsights_sitenote_note":"","_monsterinsights_sitenote_category":0,"ocean_post_layout":"","ocean_both_sidebars_style":"","ocean_both_sidebars_content_width":0,"ocean_both_sidebars_sidebars_width":0,"ocean_sidebar":"0","ocean_second_sidebar":"0","ocean_disable_margins":"enable","ocean_add_body_class":"","ocean_shortcode_before_top_bar":"","ocean_shortcode_after_top_bar":"","ocean_shortcode_before_header":"","ocean_shortcode_after_header":"","ocean_has_shortcode":"","ocean_shortcode_after_title":"","ocean_shortcode_before_footer_widgets":"","ocean_shortcode_after_footer_widgets":"","ocean_shortcode_before_footer_bottom":"","ocean_shortcode_after_footer_bottom":"","ocean_display_top_bar":"default","ocean_display_header":"default","ocean_header_style":"","ocean_center_header_left_menu":"0","ocean_custom_header_template":"0","ocean_custom_logo":0,"ocean_custom_retina_logo":0,"ocean_custom_logo_max_width":0,"ocean_custom_logo_tablet_max_width":0,"ocean_custom_logo_mobile_max_width":0,"ocean_custom_logo_max_height":0,"ocean_custom_logo_tablet_max_height":0,"ocean_custom_logo_mobile_max_height":0,"ocean_header_custom_menu":"0","ocean_menu_typo_font_family":"0","ocean_menu_typo_font_subset":"","ocean_menu_typo_font_size":0,"ocean_menu_typo_font_size_tablet":0,"ocean_menu_typo_font_size_mobile":0,"ocean_menu_typo_font_size_unit":"px","ocean_menu_typo_font_weight":"","ocean_menu_typo_font_weight_tablet":"","ocean_menu_typo_font_weight_mobile":"","ocean_menu_typo_transform":"","ocean_menu_typo_transform_tablet":"","ocean_menu_typo_transform_mobile":"","ocean_menu_typo_line_height":0,"ocean_menu_typo_line_height_tablet":0,"ocean_menu_typo_line_height_mobile":0,"ocean_menu_typo_line_height_unit":"","ocean_menu_typo_spacing":0,"ocean_menu_typo_spacing_tablet":0,"ocean_menu_typo_spacing_mobile":0,"ocean_menu_typo_spacing_unit":"","ocean_menu_link_color":"","ocean_menu_link_color_hover":"","ocean_menu_link_color_active":"","ocean_menu_link_background":"","ocean_menu_link_hover_background":"","ocean_menu_link_active_background":"","ocean_menu_social_links_bg":"","ocean_menu_social_hover_links_bg":"","ocean_menu_social_links_color":"","ocean_menu_social_hover_links_color":"","ocean_disable_title":"default","ocean_disable_heading":"default","ocean_post_title":"","ocean_post_subheading":"","ocean_post_title_style":"","ocean_post_title_background_color":"","ocean_post_title_background":0,"ocean_post_title_bg_image_position":"","ocean_post_title_bg_image_attachment":"","ocean_post_title_bg_image_repeat":"","ocean_post_title_bg_image_size":"","ocean_post_title_height":0,"ocean_post_title_bg_overlay":0.5,"ocean_post_title_bg_overlay_color":"","ocean_disable_breadcrumbs":"default","ocean_breadcrumbs_color":"","ocean_breadcrumbs_separator_color":"","ocean_breadcrumbs_links_color":"","ocean_breadcrumbs_links_hover_color":"","ocean_display_footer_widgets":"default","ocean_display_footer_bottom":"default","ocean_custom_footer_template":"0","footnotes":""},"class_list":["post-1283","page","type-page","status-publish","hentry","entry"],"aioseo_notices":[],"_links":{"self":[{"href":"https:\/\/faow.pl\/index.php?rest_route=\/wp\/v2\/pages\/1283","targetHints":{"allow":["GET"]}}],"collection":[{"href":"https:\/\/faow.pl\/index.php?rest_route=\/wp\/v2\/pages"}],"about":[{"href":"https:\/\/faow.pl\/index.php?rest_route=\/wp\/v2\/types\/page"}],"author":[{"embeddable":true,"href":"https:\/\/faow.pl\/index.php?rest_route=\/wp\/v2\/users\/1"}],"replies":[{"embeddable":true,"href":"https:\/\/faow.pl\/index.php?rest_route=%2Fwp%2Fv2%2Fcomments&post=1283"}],"version-history":[{"count":4,"href":"https:\/\/faow.pl\/index.php?rest_route=\/wp\/v2\/pages\/1283\/revisions"}],"predecessor-version":[{"id":1290,"href":"https:\/\/faow.pl\/index.php?rest_route=\/wp\/v2\/pages\/1283\/revisions\/1290"}],"up":[{"embeddable":true,"href":"https:\/\/faow.pl\/index.php?rest_route=\/wp\/v2\/pages\/339"}],"wp:attachment":[{"href":"https:\/\/faow.pl\/index.php?rest_route=%2Fwp%2Fv2%2Fmedia&parent=1283"}],"curies":[{"name":"wp","href":"https:\/\/api.w.org\/{rel}","templated":true}]}}