{"id":1208,"date":"2024-04-19T11:05:16","date_gmt":"2024-04-19T09:05:16","guid":{"rendered":"https:\/\/faow.pl\/?page_id=1208"},"modified":"2024-05-20T08:40:10","modified_gmt":"2024-05-20T06:40:10","slug":"o-faow","status":"publish","type":"page","link":"https:\/\/faow.pl\/?page_id=1208","title":{"rendered":"O FAOW"},"content":{"rendered":"<p>Od samego pocz\u0105tku istnienia dzia\u0142alno\u015b\u0107 FAOW opiera si\u0119 g\u0142\u00f3wnie na pracy spo\u0142ecznej przedstawicieli organizacji cz\u0142onkowskich. Wszelkie decyzje podejmuje Zarz\u0105d FAOW, kt\u00f3rego praca wspierana jest przez biuro FAOW maj\u0105ce swoj\u0105 siedzib\u0119 w Warszawie. FAOW od wielu lat aktywnie dzia\u0142a na terenie Polski realizuj\u0105c programy spo\u0142eczne, przyk\u0142adem mog\u0105 by\u0107:<br \/>\n       &#8211; \u201eAkademia Umiej\u0119tno\u015bci Animatora LGD\u201d, sfinansowany ze \u015brodk\u00f3w Krajowej Sieci Obszar\u00f3w Wiejskich w 2018r.<br \/>\n       &#8211; \u201eRozwijanie kompetencji i sieci kontakt\u00f3w Lokalnych Grup Dzia\u0142ania dla zapewnienia prawid\u0142owej realizacji strategii rozwoju lokalnego kierowanego przez spo\u0142eczno\u015b\u0107 w latach 2014-2020\u201d<br \/>\nOba projekty finansowane s\u0105 przez Narodowy Instytut Wolno\u015bci \u2013 Centrum Rozwoju Spo\u0142ecze\u0144stwa Obywatelskiego ze \u015brodk\u00f3w Programu Rozwoju Organizacji Obywatelskich na lata 2018 \u2013 2030.<br \/>\n<strong>Nasze cele<\/strong><br \/>\nNadrz\u0119dnym celem FAOW jest wsparcie organizacji stowarzyszonych. Forum oferuje m.in. szeroki dost\u0119p do wiedzy eksperckiej oraz do bogatego do\u015bwiadczenia w pracy z organizacjami wiejskimi, zar\u00f3wno ze zwi\u0105zkami i federacjami, jak i ma\u0142ymi organizacjami wiejskimi. Od 2002 roku FAOW niezmiennie dzia\u0142a na rzecz:<br \/>\n  &#8211;  Wspierania i upowszechniania zr\u00f3wnowa\u017conego rozwoju obszar\u00f3w wiejskich<br \/>\n  &#8211;  Rozwoju spo\u0142ecze\u0144stwa obywatelskiego i rozwoju gospodarki opartej na wiedzy na obszarach wiejskich<br \/>\n  &#8211;  Aktywizowania spo\u0142eczno\u015bci lokalnych na terenach wiejskich<br \/>\n  &#8211;  Budowania partnerstwa i dialogu na rzecz zr\u00f3wnowa\u017conego rozwoju wsi<br \/>\n  &#8211;  Wzmacniania g\u0142osu polskich organizacji wiejskich na arenie mi\u0119dzynarodowej<br \/>\nFAOW dzia\u0142a nie tylko na terenie Polski, Forum anga\u017cuje si\u0119 w liczne projekty mi\u0119dzynarodowe, takie jak:<br \/>\n  &#8211;  Grupy Tematyczne LEADER (GTL)<br \/>\n  &#8211;  Europejski Parlament Wiejski<br \/>\n  &#8211;  PREPARE \u2013 Partnerstwo dla Wsi Europejskiej<br \/>\nSerdecznie zapraszamy do do\u0142\u0105czenia do FAOW!!!<\/p>\n","protected":false},"excerpt":{"rendered":"<p>Od samego pocz\u0105tku istnienia dzia\u0142alno\u015b\u0107 FAOW opiera si\u0119 g\u0142\u00f3wnie na pracy spo\u0142ecznej przedstawicieli organizacji cz\u0142onkowskich. Wszelkie decyzje podejmuje Zarz\u0105d FAOW, kt\u00f3rego praca wspierana jest przez biuro FAOW maj\u0105ce swoj\u0105 siedzib\u0119 w Warszawie. FAOW od wielu lat aktywnie dzia\u0142a na terenie Polski realizuj\u0105c programy spo\u0142eczne, przyk\u0142adem mog\u0105 by\u0107: &#8211; \u201eAkademia Umiej\u0119tno\u015bci Animatora LGD\u201d, sfinansowany ze \u015brodk\u00f3w [&hellip;]<\/p>\n","protected":false},"author":1,"featured_media":0,"parent":0,"menu_order":0,"comment_status":"closed","ping_status":"closed","template":"","meta":{"om_disable_all_campaigns":false,"_monsterinsights_skip_tracking":false,"_monsterinsights_sitenote_active":false,"_monsterinsights_sitenote_note":"","_monsterinsights_sitenote_category":0,"ocean_post_layout":"","ocean_both_sidebars_style":"","ocean_both_sidebars_content_width":0,"ocean_both_sidebars_sidebars_width":0,"ocean_sidebar":"0","ocean_second_sidebar":"0","ocean_disable_margins":"enable","ocean_add_body_class":"","ocean_shortcode_before_top_bar":"","ocean_shortcode_after_top_bar":"","ocean_shortcode_before_header":"","ocean_shortcode_after_header":"","ocean_has_shortcode":"","ocean_shortcode_after_title":"","ocean_shortcode_before_footer_widgets":"","ocean_shortcode_after_footer_widgets":"","ocean_shortcode_before_footer_bottom":"","ocean_shortcode_after_footer_bottom":"","ocean_display_top_bar":"default","ocean_display_header":"default","ocean_header_style":"","ocean_center_header_left_menu":"0","ocean_custom_header_template":"0","ocean_custom_logo":0,"ocean_custom_retina_logo":0,"ocean_custom_logo_max_width":0,"ocean_custom_logo_tablet_max_width":0,"ocean_custom_logo_mobile_max_width":0,"ocean_custom_logo_max_height":0,"ocean_custom_logo_tablet_max_height":0,"ocean_custom_logo_mobile_max_height":0,"ocean_header_custom_menu":"0","ocean_menu_typo_font_family":"0","ocean_menu_typo_font_subset":"","ocean_menu_typo_font_size":0,"ocean_menu_typo_font_size_tablet":0,"ocean_menu_typo_font_size_mobile":0,"ocean_menu_typo_font_size_unit":"px","ocean_menu_typo_font_weight":"","ocean_menu_typo_font_weight_tablet":"","ocean_menu_typo_font_weight_mobile":"","ocean_menu_typo_transform":"","ocean_menu_typo_transform_tablet":"","ocean_menu_typo_transform_mobile":"","ocean_menu_typo_line_height":0,"ocean_menu_typo_line_height_tablet":0,"ocean_menu_typo_line_height_mobile":0,"ocean_menu_typo_line_height_unit":"","ocean_menu_typo_spacing":0,"ocean_menu_typo_spacing_tablet":0,"ocean_menu_typo_spacing_mobile":0,"ocean_menu_typo_spacing_unit":"","ocean_menu_link_color":"","ocean_menu_link_color_hover":"","ocean_menu_link_color_active":"","ocean_menu_link_background":"","ocean_menu_link_hover_background":"","ocean_menu_link_active_background":"","ocean_menu_social_links_bg":"","ocean_menu_social_hover_links_bg":"","ocean_menu_social_links_color":"","ocean_menu_social_hover_links_color":"","ocean_disable_title":"default","ocean_disable_heading":"default","ocean_post_title":"","ocean_post_subheading":"","ocean_post_title_style":"","ocean_post_title_background_color":"","ocean_post_title_background":0,"ocean_post_title_bg_image_position":"","ocean_post_title_bg_image_attachment":"","ocean_post_title_bg_image_repeat":"","ocean_post_title_bg_image_size":"","ocean_post_title_height":0,"ocean_post_title_bg_overlay":0.5,"ocean_post_title_bg_overlay_color":"","ocean_disable_breadcrumbs":"default","ocean_breadcrumbs_color":"","ocean_breadcrumbs_separator_color":"","ocean_breadcrumbs_links_color":"","ocean_breadcrumbs_links_hover_color":"","ocean_display_footer_widgets":"default","ocean_display_footer_bottom":"default","ocean_custom_footer_template":"0","footnotes":""},"class_list":["post-1208","page","type-page","status-publish","hentry","entry"],"aioseo_notices":[],"_links":{"self":[{"href":"https:\/\/faow.pl\/index.php?rest_route=\/wp\/v2\/pages\/1208","targetHints":{"allow":["GET"]}}],"collection":[{"href":"https:\/\/faow.pl\/index.php?rest_route=\/wp\/v2\/pages"}],"about":[{"href":"https:\/\/faow.pl\/index.php?rest_route=\/wp\/v2\/types\/page"}],"author":[{"embeddable":true,"href":"https:\/\/faow.pl\/index.php?rest_route=\/wp\/v2\/users\/1"}],"replies":[{"embeddable":true,"href":"https:\/\/faow.pl\/index.php?rest_route=%2Fwp%2Fv2%2Fcomments&post=1208"}],"version-history":[{"count":7,"href":"https:\/\/faow.pl\/index.php?rest_route=\/wp\/v2\/pages\/1208\/revisions"}],"predecessor-version":[{"id":1791,"href":"https:\/\/faow.pl\/index.php?rest_route=\/wp\/v2\/pages\/1208\/revisions\/1791"}],"wp:attachment":[{"href":"https:\/\/faow.pl\/index.php?rest_route=%2Fwp%2Fv2%2Fmedia&parent=1208"}],"curies":[{"name":"wp","href":"https:\/\/api.w.org\/{rel}","templated":true}]}}