{"id":1033,"date":"2024-04-11T13:16:09","date_gmt":"2024-04-11T11:16:09","guid":{"rendered":"https:\/\/faow.pl\/?page_id=1033"},"modified":"2024-04-11T13:28:28","modified_gmt":"2024-04-11T11:28:28","slug":"dolacz-do-faow-2","status":"publish","type":"page","link":"https:\/\/faow.pl\/?page_id=1033","title":{"rendered":"Do\u0142\u0105cz do FAOW 2"},"content":{"rendered":"\t\t<div data-elementor-type=\"wp-page\" data-elementor-id=\"1033\" class=\"elementor elementor-1033\">\n\t\t\t\t<div class=\"elementor-element elementor-element-562b853b e-flex e-con-boxed e-con e-parent\" data-id=\"562b853b\" data-element_type=\"container\">\n\t\t\t\t\t<div class=\"e-con-inner\">\n\t\t\t\t\t<\/div>\n\t\t\t\t<\/div>\n\t\t<div class=\"elementor-element elementor-element-fefa95f e-flex e-con-boxed e-con e-parent\" data-id=\"fefa95f\" data-element_type=\"container\">\n\t\t\t\t\t<div class=\"e-con-inner\">\n\t\t<div class=\"elementor-element elementor-element-ed95c8a e-con-full e-flex e-con e-child\" data-id=\"ed95c8a\" data-element_type=\"container\">\n\t\t\t\t<div class=\"elementor-element elementor-element-69cd161 elementor-widget elementor-widget-text-editor\" data-id=\"69cd161\" data-element_type=\"widget\" data-widget_type=\"text-editor.default\">\n\t\t\t\t<div class=\"elementor-widget-container\">\n\t\t\t\t\t\t\t\t\tDo\u0142\u0105cz do Forum Aktywizacji Obszar\u00f3w Wiejskich<br>Serdecznie zapraszamy Pa\u0144stwa do do\u0142\u0105czenia do Forum Aktywizacji Obszar\u00f3w Wiejskich.<br><br>Aby do\u0142\u0105czy\u0107 nale\u017cy przes\u0142a\u0107 nast\u0119puj\u0105ce dokumenty:<br>O\u015bwiadczenie o ch\u0119ci do\u0142\u0105czenia do FAOW<br>Uchwa\u0142\u0119 Zarz\u0105du lub Walnego Zgromadzenia (je\u015bli stowarzyszenie)<br>Zgod\u0119 na wnoszenie sk\u0142adek wynosz\u0105cych 36z\u0142 rocznie<br>Podpisan\u0105 klauzul\u0119 RODO<br>\t\t\t\t\t\t\t\t<\/div>\n\t\t\t\t<\/div>\n\t\t\t\t<\/div>\n\t\t<div class=\"elementor-element elementor-element-66c8ea7 e-con-full e-flex e-con e-child\" data-id=\"66c8ea7\" data-element_type=\"container\">\n\t\t\t\t<div class=\"elementor-element elementor-element-c138e43 elementor-widget elementor-widget-text-editor\" data-id=\"c138e43\" data-element_type=\"widget\" data-widget_type=\"text-editor.default\">\n\t\t\t\t<div class=\"elementor-widget-container\">\n\t\t\t\t\t\t\t\t\tDokumenty do pobrania:<br>&lt;a href=&#8221;http:\/\/faow.pl\/wp-content\/uploads\/2024\/04\/4.-klauzula-RODO-1.doc&#8221;&gt;4.-klauzula-RODO (1)&lt;\/a&gt;<br><br>&lt;a href=&#8221;http:\/\/faow.pl\/wp-content\/uploads\/2024\/04\/3.-skladki-wzor.docx&#8221;&gt;3.-skladki-wzor&lt;\/a&gt;<br><br>&lt;a href=&#8221;http:\/\/faow.pl\/wp-content\/uploads\/2024\/04\/1.-oswiadczenie-o-checi-dolaczenia.docx&#8221;&gt;1.-oswiadczenie-o-checi-dolaczenia&lt;\/a&gt;\t\t\t\t\t\t\t\t<\/div>\n\t\t\t\t<\/div>\n\t\t\t\t<\/div>\n\t\t\t\t\t<\/div>\n\t\t\t\t<\/div>\n\t\t<div class=\"elementor-element elementor-element-d2877fe e-flex e-con-boxed e-con e-parent\" data-id=\"d2877fe\" data-element_type=\"container\">\n\t\t\t\t\t<div class=\"e-con-inner\">\n\t\t\t\t\t<\/div>\n\t\t\t\t<\/div>\n\t\t\t\t<\/div>\n\t\t","protected":false},"excerpt":{"rendered":"<p>Do\u0142\u0105cz do Forum Aktywizacji Obszar\u00f3w WiejskichSerdecznie zapraszamy Pa\u0144stwa do do\u0142\u0105czenia do Forum Aktywizacji Obszar\u00f3w Wiejskich. Aby do\u0142\u0105czy\u0107 nale\u017cy przes\u0142a\u0107 nast\u0119puj\u0105ce dokumenty:O\u015bwiadczenie o ch\u0119ci do\u0142\u0105czenia do FAOWUchwa\u0142\u0119 Zarz\u0105du lub Walnego Zgromadzenia (je\u015bli stowarzyszenie)Zgod\u0119 na wnoszenie sk\u0142adek wynosz\u0105cych 36z\u0142 roczniePodpisan\u0105 klauzul\u0119 RODODokumenty do pobrania:&lt;a href=&#8221;http:\/\/faow.pl\/wp-content\/uploads\/2024\/04\/4.-klauzula-RODO-1.doc&#8221;&gt;4.-klauzula-RODO (1)&lt;\/a&gt; &lt;a href=&#8221;http:\/\/faow.pl\/wp-content\/uploads\/2024\/04\/3.-skladki-wzor.docx&#8221;&gt;3.-skladki-wzor&lt;\/a&gt; &lt;a href=&#8221;http:\/\/faow.pl\/wp-content\/uploads\/2024\/04\/1.-oswiadczenie-o-checi-dolaczenia.docx&#8221;&gt;1.-oswiadczenie-o-checi-dolaczenia&lt;\/a&gt;<\/p>\n","protected":false},"author":1,"featured_media":0,"parent":0,"menu_order":0,"comment_status":"closed","ping_status":"closed","template":"","meta":{"om_disable_all_campaigns":false,"_monsterinsights_skip_tracking":false,"_monsterinsights_sitenote_active":false,"_monsterinsights_sitenote_note":"","_monsterinsights_sitenote_category":0,"ocean_post_layout":"","ocean_both_sidebars_style":"","ocean_both_sidebars_content_width":0,"ocean_both_sidebars_sidebars_width":0,"ocean_sidebar":"","ocean_second_sidebar":"","ocean_disable_margins":"enable","ocean_add_body_class":"","ocean_shortcode_before_top_bar":"","ocean_shortcode_after_top_bar":"","ocean_shortcode_before_header":"","ocean_shortcode_after_header":"","ocean_has_shortcode":"","ocean_shortcode_after_title":"","ocean_shortcode_before_footer_widgets":"","ocean_shortcode_after_footer_widgets":"","ocean_shortcode_before_footer_bottom":"","ocean_shortcode_after_footer_bottom":"","ocean_display_top_bar":"default","ocean_display_header":"default","ocean_header_style":"","ocean_center_header_left_menu":"","ocean_custom_header_template":"","ocean_custom_logo":0,"ocean_custom_retina_logo":0,"ocean_custom_logo_max_width":0,"ocean_custom_logo_tablet_max_width":0,"ocean_custom_logo_mobile_max_width":0,"ocean_custom_logo_max_height":0,"ocean_custom_logo_tablet_max_height":0,"ocean_custom_logo_mobile_max_height":0,"ocean_header_custom_menu":"","ocean_menu_typo_font_family":"","ocean_menu_typo_font_subset":"","ocean_menu_typo_font_size":0,"ocean_menu_typo_font_size_tablet":0,"ocean_menu_typo_font_size_mobile":0,"ocean_menu_typo_font_size_unit":"px","ocean_menu_typo_font_weight":"","ocean_menu_typo_font_weight_tablet":"","ocean_menu_typo_font_weight_mobile":"","ocean_menu_typo_transform":"","ocean_menu_typo_transform_tablet":"","ocean_menu_typo_transform_mobile":"","ocean_menu_typo_line_height":0,"ocean_menu_typo_line_height_tablet":0,"ocean_menu_typo_line_height_mobile":0,"ocean_menu_typo_line_height_unit":"","ocean_menu_typo_spacing":0,"ocean_menu_typo_spacing_tablet":0,"ocean_menu_typo_spacing_mobile":0,"ocean_menu_typo_spacing_unit":"","ocean_menu_link_color":"","ocean_menu_link_color_hover":"","ocean_menu_link_color_active":"","ocean_menu_link_background":"","ocean_menu_link_hover_background":"","ocean_menu_link_active_background":"","ocean_menu_social_links_bg":"","ocean_menu_social_hover_links_bg":"","ocean_menu_social_links_color":"","ocean_menu_social_hover_links_color":"","ocean_disable_title":"default","ocean_disable_heading":"default","ocean_post_title":"","ocean_post_subheading":"","ocean_post_title_style":"","ocean_post_title_background_color":"","ocean_post_title_background":0,"ocean_post_title_bg_image_position":"","ocean_post_title_bg_image_attachment":"","ocean_post_title_bg_image_repeat":"","ocean_post_title_bg_image_size":"","ocean_post_title_height":0,"ocean_post_title_bg_overlay":0.5,"ocean_post_title_bg_overlay_color":"","ocean_disable_breadcrumbs":"default","ocean_breadcrumbs_color":"","ocean_breadcrumbs_separator_color":"","ocean_breadcrumbs_links_color":"","ocean_breadcrumbs_links_hover_color":"","ocean_display_footer_widgets":"default","ocean_display_footer_bottom":"default","ocean_custom_footer_template":"","footnotes":""},"class_list":["post-1033","page","type-page","status-publish","hentry","entry"],"aioseo_notices":[],"_links":{"self":[{"href":"https:\/\/faow.pl\/index.php?rest_route=\/wp\/v2\/pages\/1033","targetHints":{"allow":["GET"]}}],"collection":[{"href":"https:\/\/faow.pl\/index.php?rest_route=\/wp\/v2\/pages"}],"about":[{"href":"https:\/\/faow.pl\/index.php?rest_route=\/wp\/v2\/types\/page"}],"author":[{"embeddable":true,"href":"https:\/\/faow.pl\/index.php?rest_route=\/wp\/v2\/users\/1"}],"replies":[{"embeddable":true,"href":"https:\/\/faow.pl\/index.php?rest_route=%2Fwp%2Fv2%2Fcomments&post=1033"}],"version-history":[{"count":10,"href":"https:\/\/faow.pl\/index.php?rest_route=\/wp\/v2\/pages\/1033\/revisions"}],"predecessor-version":[{"id":1043,"href":"https:\/\/faow.pl\/index.php?rest_route=\/wp\/v2\/pages\/1033\/revisions\/1043"}],"wp:attachment":[{"href":"https:\/\/faow.pl\/index.php?rest_route=%2Fwp%2Fv2%2Fmedia&parent=1033"}],"curies":[{"name":"wp","href":"https:\/\/api.w.org\/{rel}","templated":true}]}}