{"id":1023,"date":"2024-04-12T14:49:05","date_gmt":"2024-04-12T12:49:05","guid":{"rendered":"https:\/\/faow.pl\/?page_id=1023"},"modified":"2024-04-12T15:30:41","modified_gmt":"2024-04-12T13:30:41","slug":"projekty","status":"publish","type":"page","link":"https:\/\/faow.pl\/?page_id=1023","title":{"rendered":"Projekty"},"content":{"rendered":"\t\t<div data-elementor-type=\"wp-page\" data-elementor-id=\"1023\" class=\"elementor elementor-1023\">\n\t\t\t\t<div class=\"elementor-element elementor-element-318aaee e-flex e-con-boxed e-con e-parent\" data-id=\"318aaee\" data-element_type=\"container\">\n\t\t\t\t\t<div class=\"e-con-inner\">\n\t\t\t\t<div class=\"elementor-element elementor-element-68854ca elementor-widget elementor-widget-heading\" data-id=\"68854ca\" data-element_type=\"widget\" data-widget_type=\"heading.default\">\n\t\t\t\t<div class=\"elementor-widget-container\">\n\t\t\t\t\t<h1 class=\"elementor-heading-title elementor-size-default\">Model wsp\u00f3\u0142pracy administracji publicznej i organizacji pozarz\u0105dowych \u2013 wypracowanie i upowszechnienie standard\u00f3w wsp\u00f3\u0142pracy<\/h1>\t\t\t\t<\/div>\n\t\t\t\t<\/div>\n\t\t\t\t\t<\/div>\n\t\t\t\t<\/div>\n\t\t<div class=\"elementor-element elementor-element-fbfe67f e-flex e-con-boxed e-con e-parent\" data-id=\"fbfe67f\" data-element_type=\"container\">\n\t\t\t\t\t<div class=\"e-con-inner\">\n\t\t\t\t<div class=\"elementor-element elementor-element-086a4aa elementor-widget elementor-widget-image\" data-id=\"086a4aa\" data-element_type=\"widget\" data-widget_type=\"image.default\">\n\t\t\t\t<div class=\"elementor-widget-container\">\n\t\t\t\t\t\t\t\t\t\t\t\t\t\t\t<img fetchpriority=\"high\" decoding=\"async\" width=\"1024\" height=\"194\" src=\"https:\/\/faow.pl\/wp-content\/uploads\/2024\/04\/Finansowanie-Kapital-Ludzki-i-EFS-uai-1032x196-1-1024x194.jpg\" class=\"attachment-large size-large wp-image-1096\" alt=\"\" srcset=\"https:\/\/faow.pl\/wp-content\/uploads\/2024\/04\/Finansowanie-Kapital-Ludzki-i-EFS-uai-1032x196-1-1024x194.jpg 1024w, https:\/\/faow.pl\/wp-content\/uploads\/2024\/04\/Finansowanie-Kapital-Ludzki-i-EFS-uai-1032x196-1-300x57.jpg 300w, https:\/\/faow.pl\/wp-content\/uploads\/2024\/04\/Finansowanie-Kapital-Ludzki-i-EFS-uai-1032x196-1-768x146.jpg 768w, https:\/\/faow.pl\/wp-content\/uploads\/2024\/04\/Finansowanie-Kapital-Ludzki-i-EFS-uai-1032x196-1.jpg 1032w\" sizes=\"(max-width: 1024px) 100vw, 1024px\" \/>\t\t\t\t\t\t\t\t\t\t\t\t\t\t\t<\/div>\n\t\t\t\t<\/div>\n\t\t\t\t<div class=\"elementor-element elementor-element-aabc90f elementor-widget elementor-widget-text-editor\" data-id=\"aabc90f\" data-element_type=\"widget\" data-widget_type=\"text-editor.default\">\n\t\t\t\t<div class=\"elementor-widget-container\">\n\t\t\t\t\t\t\t\t\t\n\t\t\t\t\t\t\t\t<\/div>\n\t\t\t\t<\/div>\n\t\t\t\t\t<\/div>\n\t\t\t\t<\/div>\n\t\t<div class=\"elementor-element elementor-element-22529b3 e-grid e-con-boxed e-con e-parent\" data-id=\"22529b3\" data-element_type=\"container\">\n\t\t\t\t\t<div class=\"e-con-inner\">\n\t\t\t\t<div class=\"elementor-element elementor-element-556dd7b elementor-widget elementor-widget-image\" data-id=\"556dd7b\" data-element_type=\"widget\" data-widget_type=\"image.default\">\n\t\t\t\t<div class=\"elementor-widget-container\">\n\t\t\t\t\t\t\t\t\t\t\t\t\t\t\t<img decoding=\"async\" width=\"258\" height=\"78\" src=\"https:\/\/faow.pl\/wp-content\/uploads\/2024\/04\/logo-uai-258x78-1.png\" class=\"attachment-large size-large wp-image-1098\" alt=\"\" \/>\t\t\t\t\t\t\t\t\t\t\t\t\t\t\t<\/div>\n\t\t\t\t<\/div>\n\t\t\t\t<div class=\"elementor-element elementor-element-060ed0c elementor-widget elementor-widget-image\" data-id=\"060ed0c\" data-element_type=\"widget\" data-widget_type=\"image.default\">\n\t\t\t\t<div class=\"elementor-widget-container\">\n\t\t\t\t\t\t\t\t\t\t\t\t\t\t\t<img decoding=\"async\" width=\"516\" height=\"211\" src=\"https:\/\/faow.pl\/wp-content\/uploads\/2024\/04\/Model-logo-projektu-uai-516x211-1.png\" class=\"attachment-large size-large wp-image-1099\" alt=\"\" srcset=\"https:\/\/faow.pl\/wp-content\/uploads\/2024\/04\/Model-logo-projektu-uai-516x211-1.png 516w, https:\/\/faow.pl\/wp-content\/uploads\/2024\/04\/Model-logo-projektu-uai-516x211-1-300x123.png 300w\" sizes=\"(max-width: 516px) 100vw, 516px\" \/>\t\t\t\t\t\t\t\t\t\t\t\t\t\t\t<\/div>\n\t\t\t\t<\/div>\n\t\t\t\t<div class=\"elementor-element elementor-element-df3f136 elementor-widget elementor-widget-image\" data-id=\"df3f136\" data-element_type=\"widget\" data-widget_type=\"image.default\">\n\t\t\t\t<div class=\"elementor-widget-container\">\n\t\t\t\t\t\t\t\t\t\t\t\t\t\t\t<img loading=\"lazy\" decoding=\"async\" width=\"207\" height=\"149\" src=\"https:\/\/faow.pl\/wp-content\/uploads\/2024\/04\/Model-partner5.jpg\" class=\"attachment-large size-large wp-image-1103\" alt=\"\" \/>\t\t\t\t\t\t\t\t\t\t\t\t\t\t\t<\/div>\n\t\t\t\t<\/div>\n\t\t\t\t<div class=\"elementor-element elementor-element-7284a27 elementor-widget elementor-widget-image\" data-id=\"7284a27\" data-element_type=\"widget\" data-widget_type=\"image.default\">\n\t\t\t\t<div class=\"elementor-widget-container\">\n\t\t\t\t\t\t\t\t\t\t\t\t\t\t\t<img loading=\"lazy\" decoding=\"async\" width=\"258\" height=\"105\" src=\"https:\/\/faow.pl\/wp-content\/uploads\/2024\/04\/Model-partner3-uai-258x105-1.jpg\" class=\"attachment-large size-large wp-image-1102\" alt=\"\" \/>\t\t\t\t\t\t\t\t\t\t\t\t\t\t\t<\/div>\n\t\t\t\t<\/div>\n\t\t\t\t<div class=\"elementor-element elementor-element-2bdac3a elementor-widget elementor-widget-image\" data-id=\"2bdac3a\" data-element_type=\"widget\" data-widget_type=\"image.default\">\n\t\t\t\t<div class=\"elementor-widget-container\">\n\t\t\t\t\t\t\t\t\t\t\t\t\t\t\t<img loading=\"lazy\" decoding=\"async\" width=\"258\" height=\"154\" src=\"https:\/\/faow.pl\/wp-content\/uploads\/2024\/04\/Model-partner2-uai-258x154-1.jpg\" class=\"attachment-large size-large wp-image-1101\" alt=\"\" \/>\t\t\t\t\t\t\t\t\t\t\t\t\t\t\t<\/div>\n\t\t\t\t<\/div>\n\t\t\t\t<div class=\"elementor-element elementor-element-8a3006a elementor-widget elementor-widget-image\" data-id=\"8a3006a\" data-element_type=\"widget\" data-widget_type=\"image.default\">\n\t\t\t\t<div class=\"elementor-widget-container\">\n\t\t\t\t\t\t\t\t\t\t\t\t\t\t\t<img loading=\"lazy\" decoding=\"async\" width=\"258\" height=\"67\" src=\"https:\/\/faow.pl\/wp-content\/uploads\/2024\/04\/Model-partner1-uai-258x67-1.jpg\" class=\"attachment-large size-large wp-image-1100\" alt=\"\" \/>\t\t\t\t\t\t\t\t\t\t\t\t\t\t\t<\/div>\n\t\t\t\t<\/div>\n\t\t\t\t\t<\/div>\n\t\t\t\t<\/div>\n\t\t<div class=\"elementor-element elementor-element-07c274f e-flex e-con-boxed e-con e-parent\" data-id=\"07c274f\" data-element_type=\"container\">\n\t\t\t\t\t<div class=\"e-con-inner\">\n\t\t\t\t<div class=\"elementor-element elementor-element-314baab elementor-widget elementor-widget-text-editor\" data-id=\"314baab\" data-element_type=\"widget\" data-widget_type=\"text-editor.default\">\n\t\t\t\t<div class=\"elementor-widget-container\">\n\t\t\t\t\t\t\t\t\tOpis projektu: \nProjekt powsta\u0142 w celu zwi\u0119kszenia zakresu oraz poprawy jako\u015bci mechanizm\u00f3w wsp\u00f3\u0142pracy administracji publicznej, w szczeg\u00f3lno\u015bci samorz\u0105dowej (jednostek samorz\u0105du terytorialnego \u2013 JST) i organizacji pozarz\u0105dowych. G\u0142\u00f3wnym celem projektu by\u0142o zwi\u0119kszenie \u015bwiadomo\u015bci korzy\u015bci p\u0142yn\u0105cych ze wsp\u00f3\u0142pracy pomi\u0119dzy administracj\u0105 publiczn\u0105 i III sektorem oraz upowszechnienie wiedzy na temat dobrych praktyk stosowanych w obszarze wsp\u00f3\u0142pracy organizacji pozarz\u0105dowych i JST. Kluczowym elementem projektu by\u0142o opracowanie (na podstawie zebranych do\u015bwiadcze\u0144 i ich analiz) i publikacja poradnika zawieraj\u0105cego \u201eModel wsp\u00f3\u0142pracy\u201d organizacji pozarz\u0105dowych i JST.\n\t\t\t\t\t\t\t\t<\/div>\n\t\t\t\t<\/div>\n\t\t\t\t\t<\/div>\n\t\t\t\t<\/div>\n\t\t<div class=\"elementor-element elementor-element-e5aa4d9 e-flex e-con-boxed e-con e-parent\" data-id=\"e5aa4d9\" data-element_type=\"container\">\n\t\t\t\t\t<div class=\"e-con-inner\">\n\t\t\t\t<div class=\"elementor-element elementor-element-3df3a94 elementor-widget elementor-widget-text-editor\" data-id=\"3df3a94\" data-element_type=\"widget\" data-widget_type=\"text-editor.default\">\n\t\t\t\t<div class=\"elementor-widget-container\">\n\t\t\t\t\t\t\t\t\tDzia\u0142ania:\n\n    badania dotycz\u0105ce wsp\u00f3\u0142pracy mi\u0119dzysektorowej i publikacja ich wynik\u00f3w w formie ekspertyz,\n    identyfikacja dobrych praktyk w zakresie wsp\u00f3\u0142pracy organizacji pozarz\u0105dowych i administracji publicznej,\n    przeprowadzenie konsultacji spo\u0142ecznych na poziomie regionalnym w celu wypracowania \u201eModelu wsp\u00f3\u0142pracy\u201d,\n    dyskusje z ekspertkami i ekspertami oraz porady on-line\n    Organizacja konkursu Samorz\u0105dowy Lider Zarz\u0105dzania 2010 \u201eWsp\u00f3\u0142praca gmin i powiat\u00f3w z organizacjami pozarz\u0105dowymi\u201d,\n    opracowanie i upowszechnienie \u201eModelu wsp\u00f3\u0142pracy\u201d w oparciu o przeprowadzone konsultacje i analizy, zawieraj\u0105cego praktyczne porady dotycz\u0105ce wsp\u00f3\u0142pracy mi\u0119dzysektorowej oraz opisuj\u0105cego dobre praktyki w tym zakresie,\n    opracowanie i upowszechnienie \u201ePoradnika modelowej wsp\u00f3\u0142pracy administracji publicznej i organizacji pozarz\u0105dowych\u201d, b\u0119d\u0105cego zbiorem praktycznych wskaz\u00f3wek jak wdra\u017ca\u0107 \u201eModel wsp\u00f3\u0142pracy\u201d,\n    opracowanie Indeksu Jako\u015bci Wsp\u00f3\u0142pracy (IJW) pozwalaj\u0105cego ocenia\u0107 i por\u00f3wnywa\u0107 poziom jako\u015bci wsp\u00f3\u0142pracy jednostek samorz\u0105du terytorialnego z organizacjami pozarz\u0105dowymi,\n    przygotowanie grupy trener\u00f3w wspomagaj\u0105cych wdra\u017canie wysokich standard\u00f3w wsp\u00f3\u0142pracy,\n    organizacja konferencji podsumowuj\u0105cych projekt i upowszechniaj\u0105cych jego rezultaty,\n    przeprowadzenie dzia\u0142a\u0144 promocyjnych upowszechniaj\u0105cych rezultaty projektu.\t\t\t\t\t\t\t\t<\/div>\n\t\t\t\t<\/div>\n\t\t\t\t\t<\/div>\n\t\t\t\t<\/div>\n\t\t<div class=\"elementor-element elementor-element-c275727 e-con-full e-flex e-con e-parent\" data-id=\"c275727\" data-element_type=\"container\">\n\t\t\t\t<div class=\"elementor-element elementor-element-9f1ebda elementor-view-default elementor-widget elementor-widget-icon\" data-id=\"9f1ebda\" data-element_type=\"widget\" data-widget_type=\"icon.default\">\n\t\t\t\t<div class=\"elementor-widget-container\">\n\t\t\t\t\t\t\t<div class=\"elementor-icon-wrapper\">\n\t\t\t<div class=\"elementor-icon\">\n\t\t\t<svg aria-hidden=\"true\" class=\"e-font-icon-svg e-fas-calendar-alt\" viewBox=\"0 0 448 512\" xmlns=\"http:\/\/www.w3.org\/2000\/svg\"><path d=\"M0 464c0 26.5 21.5 48 48 48h352c26.5 0 48-21.5 48-48V192H0v272zm320-196c0-6.6 5.4-12 12-12h40c6.6 0 12 5.4 12 12v40c0 6.6-5.4 12-12 12h-40c-6.6 0-12-5.4-12-12v-40zm0 128c0-6.6 5.4-12 12-12h40c6.6 0 12 5.4 12 12v40c0 6.6-5.4 12-12 12h-40c-6.6 0-12-5.4-12-12v-40zM192 268c0-6.6 5.4-12 12-12h40c6.6 0 12 5.4 12 12v40c0 6.6-5.4 12-12 12h-40c-6.6 0-12-5.4-12-12v-40zm0 128c0-6.6 5.4-12 12-12h40c6.6 0 12 5.4 12 12v40c0 6.6-5.4 12-12 12h-40c-6.6 0-12-5.4-12-12v-40zM64 268c0-6.6 5.4-12 12-12h40c6.6 0 12 5.4 12 12v40c0 6.6-5.4 12-12 12H76c-6.6 0-12-5.4-12-12v-40zm0 128c0-6.6 5.4-12 12-12h40c6.6 0 12 5.4 12 12v40c0 6.6-5.4 12-12 12H76c-6.6 0-12-5.4-12-12v-40zM400 64h-48V16c0-8.8-7.2-16-16-16h-32c-8.8 0-16 7.2-16 16v48H160V16c0-8.8-7.2-16-16-16h-32c-8.8 0-16 7.2-16 16v48H48C21.5 64 0 85.5 0 112v48h448v-48c0-26.5-21.5-48-48-48z\"><\/path><\/svg>\t\t\t<\/div>\n\t\t<\/div>\n\t\t\t\t\t\t<\/div>\n\t\t\t\t<\/div>\n\t\t\t\t<div class=\"elementor-element elementor-element-5287067 elementor-widget elementor-widget-text-editor\" data-id=\"5287067\" data-element_type=\"widget\" data-widget_type=\"text-editor.default\">\n\t\t\t\t<div class=\"elementor-widget-container\">\n\t\t\t\t\t\t\t\t\tOkres realizacji: 2009-2012\n\n\t\t\t\t\t\t\t\t<\/div>\n\t\t\t\t<\/div>\n\t\t\t\t<div class=\"elementor-element elementor-element-36741e0 elementor-view-default elementor-widget elementor-widget-icon\" data-id=\"36741e0\" data-element_type=\"widget\" data-widget_type=\"icon.default\">\n\t\t\t\t<div class=\"elementor-widget-container\">\n\t\t\t\t\t\t\t<div class=\"elementor-icon-wrapper\">\n\t\t\t<div class=\"elementor-icon\">\n\t\t\t<svg aria-hidden=\"true\" class=\"e-font-icon-svg e-fas-user-friends\" viewBox=\"0 0 640 512\" xmlns=\"http:\/\/www.w3.org\/2000\/svg\"><path d=\"M192 256c61.9 0 112-50.1 112-112S253.9 32 192 32 80 82.1 80 144s50.1 112 112 112zm76.8 32h-8.3c-20.8 10-43.9 16-68.5 16s-47.6-6-68.5-16h-8.3C51.6 288 0 339.6 0 403.2V432c0 26.5 21.5 48 48 48h288c26.5 0 48-21.5 48-48v-28.8c0-63.6-51.6-115.2-115.2-115.2zM480 256c53 0 96-43 96-96s-43-96-96-96-96 43-96 96 43 96 96 96zm48 32h-3.8c-13.9 4.8-28.6 8-44.2 8s-30.3-3.2-44.2-8H432c-20.4 0-39.2 5.9-55.7 15.4 24.4 26.3 39.7 61.2 39.7 99.8v38.4c0 2.2-.5 4.3-.6 6.4H592c26.5 0 48-21.5 48-48 0-61.9-50.1-112-112-112z\"><\/path><\/svg>\t\t\t<\/div>\n\t\t<\/div>\n\t\t\t\t\t\t<\/div>\n\t\t\t\t<\/div>\n\t\t\t\t<div class=\"elementor-element elementor-element-6c3c40b elementor-widget elementor-widget-text-editor\" data-id=\"6c3c40b\" data-element_type=\"widget\" data-widget_type=\"text-editor.default\">\n\t\t\t\t<div class=\"elementor-widget-container\">\n\t\t\t\t\t\t\t\t\tPartnerzy\n\nDepartament Po\u017cytku Publicznego Ministerstwa Pracy i Polityki Spo\u0142ecznej (koordynacja)\nFundacja Instytut Spraw Publicznych (ISP)\nCollegium Civitas (CC)\nSie\u0107 Wspierania Organizacji Pozarz\u0105dowych SPLOT\nZwi\u0105zek Miast Polskich (ZMP)\t\t\t\t\t\t\t\t<\/div>\n\t\t\t\t<\/div>\n\t\t\t\t<div class=\"elementor-element elementor-element-69a14e5 elementor-view-default elementor-widget elementor-widget-icon\" data-id=\"69a14e5\" data-element_type=\"widget\" data-widget_type=\"icon.default\">\n\t\t\t\t<div class=\"elementor-widget-container\">\n\t\t\t\t\t\t\t<div class=\"elementor-icon-wrapper\">\n\t\t\t<div class=\"elementor-icon\">\n\t\t\t<svg aria-hidden=\"true\" class=\"e-font-icon-svg e-fas-money-bill-wave\" viewBox=\"0 0 640 512\" xmlns=\"http:\/\/www.w3.org\/2000\/svg\"><path d=\"M621.16 54.46C582.37 38.19 543.55 32 504.75 32c-123.17-.01-246.33 62.34-369.5 62.34-30.89 0-61.76-3.92-92.65-13.72-3.47-1.1-6.95-1.62-10.35-1.62C15.04 79 0 92.32 0 110.81v317.26c0 12.63 7.23 24.6 18.84 29.46C57.63 473.81 96.45 480 135.25 480c123.17 0 246.34-62.35 369.51-62.35 30.89 0 61.76 3.92 92.65 13.72 3.47 1.1 6.95 1.62 10.35 1.62 17.21 0 32.25-13.32 32.25-31.81V83.93c-.01-12.64-7.24-24.6-18.85-29.47zM48 132.22c20.12 5.04 41.12 7.57 62.72 8.93C104.84 170.54 79 192.69 48 192.69v-60.47zm0 285v-47.78c34.37 0 62.18 27.27 63.71 61.4-22.53-1.81-43.59-6.31-63.71-13.62zM320 352c-44.19 0-80-42.99-80-96 0-53.02 35.82-96 80-96s80 42.98 80 96c0 53.03-35.83 96-80 96zm272 27.78c-17.52-4.39-35.71-6.85-54.32-8.44 5.87-26.08 27.5-45.88 54.32-49.28v57.72zm0-236.11c-30.89-3.91-54.86-29.7-55.81-61.55 19.54 2.17 38.09 6.23 55.81 12.66v48.89z\"><\/path><\/svg>\t\t\t<\/div>\n\t\t<\/div>\n\t\t\t\t\t\t<\/div>\n\t\t\t\t<\/div>\n\t\t\t\t<div class=\"elementor-element elementor-element-dee86a6 elementor-widget elementor-widget-text-editor\" data-id=\"dee86a6\" data-element_type=\"widget\" data-widget_type=\"text-editor.default\">\n\t\t\t\t<div class=\"elementor-widget-container\">\n\t\t\t\t\t\t\t\t\tFinansowanie\n\nProgram Operacyjny Kapita\u0142 Ludzki\nProjekt wsp\u00f3\u0142finansowany przez Uni\u0119 Europejsk\u0105 w ramach Europejskiego Funduszu Spo\u0142ecznego\t\t\t\t\t\t\t\t<\/div>\n\t\t\t\t<\/div>\n\t\t\t\t<\/div>\n\t\t<div class=\"elementor-element elementor-element-c151431 e-flex e-con-boxed e-con e-parent\" data-id=\"c151431\" data-element_type=\"container\">\n\t\t\t\t\t<div class=\"e-con-inner\">\n\t\t<div class=\"elementor-element elementor-element-4815b60 e-con-full e-flex e-con e-child\" data-id=\"4815b60\" data-element_type=\"container\">\n\t\t\t\t<\/div>\n\t\t<div class=\"elementor-element elementor-element-db0334a e-con-full e-flex e-con e-child\" data-id=\"db0334a\" data-element_type=\"container\">\n\t\t\t\t<\/div>\n\t\t<div class=\"elementor-element elementor-element-b689d10 e-con-full e-flex e-con e-child\" data-id=\"b689d10\" data-element_type=\"container\">\n\t\t\t\t<\/div>\n\t\t<div class=\"elementor-element elementor-element-f851cff e-con-full e-flex e-con e-child\" data-id=\"f851cff\" data-element_type=\"container\">\n\t\t\t\t<\/div>\n\t\t\t\t\t<\/div>\n\t\t\t\t<\/div>\n\t\t\t\t<\/div>\n\t\t","protected":false},"excerpt":{"rendered":"<p>Model wsp\u00f3\u0142pracy administracji publicznej i organizacji pozarz\u0105dowych \u2013 wypracowanie i upowszechnienie standard\u00f3w wsp\u00f3\u0142pracy Opis projektu: Projekt powsta\u0142 w celu zwi\u0119kszenia zakresu oraz poprawy jako\u015bci mechanizm\u00f3w wsp\u00f3\u0142pracy administracji publicznej, w szczeg\u00f3lno\u015bci samorz\u0105dowej (jednostek samorz\u0105du terytorialnego \u2013 JST) i organizacji pozarz\u0105dowych. G\u0142\u00f3wnym celem projektu by\u0142o zwi\u0119kszenie \u015bwiadomo\u015bci korzy\u015bci p\u0142yn\u0105cych ze wsp\u00f3\u0142pracy pomi\u0119dzy administracj\u0105 publiczn\u0105 i III sektorem [&hellip;]<\/p>\n","protected":false},"author":1,"featured_media":0,"parent":0,"menu_order":0,"comment_status":"closed","ping_status":"closed","template":"","meta":{"om_disable_all_campaigns":false,"_monsterinsights_skip_tracking":false,"_monsterinsights_sitenote_active":false,"_monsterinsights_sitenote_note":"","_monsterinsights_sitenote_category":0,"ocean_post_layout":"","ocean_both_sidebars_style":"","ocean_both_sidebars_content_width":0,"ocean_both_sidebars_sidebars_width":0,"ocean_sidebar":"0","ocean_second_sidebar":"0","ocean_disable_margins":"enable","ocean_add_body_class":"","ocean_shortcode_before_top_bar":"","ocean_shortcode_after_top_bar":"","ocean_shortcode_before_header":"","ocean_shortcode_after_header":"","ocean_has_shortcode":"","ocean_shortcode_after_title":"","ocean_shortcode_before_footer_widgets":"","ocean_shortcode_after_footer_widgets":"","ocean_shortcode_before_footer_bottom":"","ocean_shortcode_after_footer_bottom":"","ocean_display_top_bar":"default","ocean_display_header":"default","ocean_header_style":"","ocean_center_header_left_menu":"0","ocean_custom_header_template":"0","ocean_custom_logo":0,"ocean_custom_retina_logo":0,"ocean_custom_logo_max_width":0,"ocean_custom_logo_tablet_max_width":0,"ocean_custom_logo_mobile_max_width":0,"ocean_custom_logo_max_height":0,"ocean_custom_logo_tablet_max_height":0,"ocean_custom_logo_mobile_max_height":0,"ocean_header_custom_menu":"0","ocean_menu_typo_font_family":"0","ocean_menu_typo_font_subset":"","ocean_menu_typo_font_size":0,"ocean_menu_typo_font_size_tablet":0,"ocean_menu_typo_font_size_mobile":0,"ocean_menu_typo_font_size_unit":"px","ocean_menu_typo_font_weight":"","ocean_menu_typo_font_weight_tablet":"","ocean_menu_typo_font_weight_mobile":"","ocean_menu_typo_transform":"","ocean_menu_typo_transform_tablet":"","ocean_menu_typo_transform_mobile":"","ocean_menu_typo_line_height":0,"ocean_menu_typo_line_height_tablet":0,"ocean_menu_typo_line_height_mobile":0,"ocean_menu_typo_line_height_unit":"","ocean_menu_typo_spacing":0,"ocean_menu_typo_spacing_tablet":0,"ocean_menu_typo_spacing_mobile":0,"ocean_menu_typo_spacing_unit":"","ocean_menu_link_color":"","ocean_menu_link_color_hover":"","ocean_menu_link_color_active":"","ocean_menu_link_background":"","ocean_menu_link_hover_background":"","ocean_menu_link_active_background":"","ocean_menu_social_links_bg":"","ocean_menu_social_hover_links_bg":"","ocean_menu_social_links_color":"","ocean_menu_social_hover_links_color":"","ocean_disable_title":"default","ocean_disable_heading":"default","ocean_post_title":"","ocean_post_subheading":"","ocean_post_title_style":"","ocean_post_title_background_color":"","ocean_post_title_background":0,"ocean_post_title_bg_image_position":"","ocean_post_title_bg_image_attachment":"","ocean_post_title_bg_image_repeat":"","ocean_post_title_bg_image_size":"","ocean_post_title_height":0,"ocean_post_title_bg_overlay":0.5,"ocean_post_title_bg_overlay_color":"","ocean_disable_breadcrumbs":"default","ocean_breadcrumbs_color":"","ocean_breadcrumbs_separator_color":"","ocean_breadcrumbs_links_color":"","ocean_breadcrumbs_links_hover_color":"","ocean_display_footer_widgets":"default","ocean_display_footer_bottom":"default","ocean_custom_footer_template":"0","footnotes":""},"class_list":["post-1023","page","type-page","status-publish","hentry","entry"],"aioseo_notices":[],"_links":{"self":[{"href":"https:\/\/faow.pl\/index.php?rest_route=\/wp\/v2\/pages\/1023","targetHints":{"allow":["GET"]}}],"collection":[{"href":"https:\/\/faow.pl\/index.php?rest_route=\/wp\/v2\/pages"}],"about":[{"href":"https:\/\/faow.pl\/index.php?rest_route=\/wp\/v2\/types\/page"}],"author":[{"embeddable":true,"href":"https:\/\/faow.pl\/index.php?rest_route=\/wp\/v2\/users\/1"}],"replies":[{"embeddable":true,"href":"https:\/\/faow.pl\/index.php?rest_route=%2Fwp%2Fv2%2Fcomments&post=1023"}],"version-history":[{"count":4,"href":"https:\/\/faow.pl\/index.php?rest_route=\/wp\/v2\/pages\/1023\/revisions"}],"predecessor-version":[{"id":1106,"href":"https:\/\/faow.pl\/index.php?rest_route=\/wp\/v2\/pages\/1023\/revisions\/1106"}],"wp:attachment":[{"href":"https:\/\/faow.pl\/index.php?rest_route=%2Fwp%2Fv2%2Fmedia&parent=1023"}],"curies":[{"name":"wp","href":"https:\/\/api.w.org\/{rel}","templated":true}]}}